{"id":497,"date":"2020-02-28T15:45:13","date_gmt":"2020-02-28T14:45:13","guid":{"rendered":"https:\/\/www.utez-celje.si\/newpage\/?page_id=497"},"modified":"2023-02-01T21:52:42","modified_gmt":"2023-02-01T20:52:42","slug":"tehtnice-po-meri","status":"publish","type":"page","link":"https:\/\/www.utez-celje.si\/newpage\/tehtnice-po-meri\/","title":{"rendered":"TEHTNICE PO MERI"},"content":{"rendered":"\t\t<div data-elementor-type=\"wp-page\" data-elementor-id=\"497\" class=\"elementor elementor-497\" data-elementor-post-type=\"page\">\n\t\t\t\t\t\t<section class=\"elementor-section elementor-top-section elementor-element elementor-element-400aae0 elementor-section-full_width elementor-section-height-default elementor-section-height-default\" data-id=\"400aae0\" data-element_type=\"section\" data-settings=\"{&quot;_ha_eqh_enable&quot;:false}\">\n\t\t\t\t\t\t<div class=\"elementor-container elementor-column-gap-default\">\n\t\t\t\t\t<div class=\"elementor-column elementor-col-100 elementor-top-column elementor-element elementor-element-528bc9c\" data-id=\"528bc9c\" data-element_type=\"column\" data-settings=\"{&quot;background_background&quot;:&quot;classic&quot;}\">\n\t\t\t<div class=\"elementor-widget-wrap elementor-element-populated\">\n\t\t\t\t\t<div class=\"elementor-background-overlay\"><\/div>\n\t\t\t\t\t\t<div class=\"elementor-element elementor-element-6841415d elementor-widget elementor-widget-heading\" data-id=\"6841415d\" data-element_type=\"widget\" data-widget_type=\"heading.default\">\n\t\t\t\t<div class=\"elementor-widget-container\">\n\t\t\t<h1 class=\"elementor-heading-title elementor-size-default\">TEHTNICE PO MERI NARO\u010cNIKA<\/h1>\t\t<\/div>\n\t\t\t\t<\/div>\n\t\t\t\t\t<\/div>\n\t\t<\/div>\n\t\t\t\t\t<\/div>\n\t\t<\/section>\n\t\t\t\t<section class=\"elementor-section elementor-top-section elementor-element elementor-element-73f5a356 elementor-section-content-middle elementor-section-boxed elementor-section-height-default elementor-section-height-default\" data-id=\"73f5a356\" data-element_type=\"section\" data-settings=\"{&quot;background_background&quot;:&quot;gradient&quot;,&quot;_ha_eqh_enable&quot;:false}\">\n\t\t\t\t\t\t<div class=\"elementor-container elementor-column-gap-default\">\n\t\t\t\t\t<div class=\"elementor-column elementor-col-100 elementor-top-column elementor-element elementor-element-47e54e17\" data-id=\"47e54e17\" data-element_type=\"column\">\n\t\t\t<div class=\"elementor-widget-wrap elementor-element-populated\">\n\t\t\t\t\t\t<div class=\"elementor-element elementor-element-5db58a66 elementor-widget elementor-widget-heading\" data-id=\"5db58a66\" data-element_type=\"widget\" data-widget_type=\"heading.default\">\n\t\t\t\t<div class=\"elementor-widget-container\">\n\t\t\t<h1 class=\"elementor-heading-title elementor-size-default\">Tehtalni sistemi izdelani za najrazli\u010dnej\u0161e potrebe <\/h1>\t\t<\/div>\n\t\t\t\t<\/div>\n\t\t\t\t<section class=\"elementor-section elementor-inner-section elementor-element elementor-element-59f3d6c7 elementor-section-boxed elementor-section-height-default elementor-section-height-default\" data-id=\"59f3d6c7\" data-element_type=\"section\" data-settings=\"{&quot;_ha_eqh_enable&quot;:false}\">\n\t\t\t\t\t\t<div class=\"elementor-container elementor-column-gap-default\">\n\t\t\t\t\t<div class=\"elementor-column elementor-col-100 elementor-inner-column elementor-element elementor-element-42df4df7\" data-id=\"42df4df7\" data-element_type=\"column\">\n\t\t\t<div class=\"elementor-widget-wrap elementor-element-populated\">\n\t\t\t\t\t\t<div class=\"elementor-element elementor-element-462c4caa elementor-widget elementor-widget-text-editor\" data-id=\"462c4caa\" data-element_type=\"widget\" data-widget_type=\"text-editor.default\">\n\t\t\t\t<div class=\"elementor-widget-container\">\n\t\t\t\t\t\t\t<p>Merjenje razli\u010dnih veli\u010din postaja vedno bolj pomemben dejavnih raznih proizvodnih procesov. Tehtanje oz. merjenje mase je prav gotovo ena bolj izpostavljenih fizikalnih veli\u010din, ki ima pomembno mesto v mnogih procesih. Marsikje, so tehtnice \u017ee intergrirane v samo proizvodnjo linijo in s tem \u017ee v fazi projektiranja primerno dimenzionirane za to linijo. Te\u017eave se pojavijo, ko \u017eelimo v nek proces naknadno vgraditi tudi merjenje mase. Mogo\u010de imamo staro, dotrajano opremo, ki je bila izdelana namensko za dolo\u010deno fazo na\u0161ega procesa. Ponudba raznih tehtnic je izjemno bogata, ampak to so gotovi izdelki, ki so primerni, ali pa tudi ne. Podjetje Ute\u017e, d.o.o. vam lahko s svojimi izku\u0161njami in ekipo svetuje pri umestitvi tehtanja v posamezni proizvodni proces, primeren izdelek &#8211; tehtnico tudi izdela in ga vgradi na primerno mesto. Skupaj z lastnim razvojem PROGRAMSKE OPREME, vam lahko ponudimo celotno re\u0161itev in ne zgolj in samo preprost sprejemnik bremena. Na\u0161e, po meri narejene izdelke nadgrajene s programsko opremo\u00a0 tako s pridom uporabljajo tako podjetja v \u017eelezarstvu, industriji aluminija, tekstilna industrija, farmacija, kot tudi trgovina, logistika in energetika.\u00a0 Pravzaprav je tako na kratko nemogo\u010de na\u0161teti vse re\u0161itve, ki smo jih izvedli v praksi.\u00a0 \u00a0<\/p>\t\t\t\t\t\t<\/div>\n\t\t\t\t<\/div>\n\t\t\t\t\t<\/div>\n\t\t<\/div>\n\t\t\t\t\t<\/div>\n\t\t<\/section>\n\t\t\t\t<div class=\"elementor-element elementor-element-0234817 elementor-widget elementor-widget-gallery\" data-id=\"0234817\" data-element_type=\"widget\" data-settings=\"{&quot;columns&quot;:7,&quot;lazyload&quot;:&quot;yes&quot;,&quot;gallery_layout&quot;:&quot;grid&quot;,&quot;columns_tablet&quot;:2,&quot;columns_mobile&quot;:1,&quot;gap&quot;:{&quot;unit&quot;:&quot;px&quot;,&quot;size&quot;:10,&quot;sizes&quot;:[]},&quot;gap_tablet&quot;:{&quot;unit&quot;:&quot;px&quot;,&quot;size&quot;:10,&quot;sizes&quot;:[]},&quot;gap_mobile&quot;:{&quot;unit&quot;:&quot;px&quot;,&quot;size&quot;:10,&quot;sizes&quot;:[]},&quot;link_to&quot;:&quot;file&quot;,&quot;aspect_ratio&quot;:&quot;3:2&quot;,&quot;overlay_background&quot;:&quot;yes&quot;,&quot;content_hover_animation&quot;:&quot;fade-in&quot;}\" data-widget_type=\"gallery.default\">\n\t\t\t\t<div class=\"elementor-widget-container\">\n\t\t\t\t\t<div class=\"elementor-gallery__container\">\n\t\t\t\t\t\t\t<a class=\"e-gallery-item elementor-gallery-item elementor-animated-content\" href=\"https:\/\/www.utez-celje.si\/newpage\/wp-content\/uploads\/2020\/03\/WP_20160404_14_05_09_Pro.jpg\" data-elementor-open-lightbox=\"yes\" data-elementor-lightbox-slideshow=\"0234817\" data-elementor-lightbox-title=\"Tehtnice po meri\" data-elementor-lightbox-description=\"UTE\u017d, Tehtnice po meri\" data-e-action-hash=\"#elementor-action%3Aaction%3Dlightbox%26settings%3DeyJpZCI6NjEzLCJ1cmwiOiJodHRwczpcL1wvd3d3LnV0ZXotY2VsamUuc2lcL25ld3BhZ2VcL3dwLWNvbnRlbnRcL3VwbG9hZHNcLzIwMjBcLzAzXC9XUF8yMDE2MDQwNF8xNF8wNV8wOV9Qcm8uanBnIiwic2xpZGVzaG93IjoiMDIzNDgxNyJ9\">\n\t\t\t\t\t<div class=\"e-gallery-image elementor-gallery-item__image\" data-thumbnail=\"https:\/\/www.utez-celje.si\/newpage\/wp-content\/uploads\/2020\/03\/WP_20160404_14_05_09_Pro-289x300.jpg\" data-width=\"289\" data-height=\"300\" aria-label=\"Tehtnice po meri,\" role=\"img\" ><\/div>\n\t\t\t\t\t\t\t\t\t\t\t<div class=\"elementor-gallery-item__overlay\"><\/div>\n\t\t\t\t\t\t\t\t\t\t\t\t\t\t<\/a>\n\t\t\t\t\t\t\t<a class=\"e-gallery-item elementor-gallery-item elementor-animated-content\" href=\"https:\/\/www.utez-celje.si\/newpage\/wp-content\/uploads\/2020\/03\/IMG_20181126_105156.jpg\" data-elementor-open-lightbox=\"yes\" data-elementor-lightbox-slideshow=\"0234817\" data-elementor-lightbox-title=\"Tehtnice po meri, konzola\" data-elementor-lightbox-description=\"UTE\u017d, Tehtnice po meri, konzola\" data-e-action-hash=\"#elementor-action%3Aaction%3Dlightbox%26settings%3DeyJpZCI6NjA0LCJ1cmwiOiJodHRwczpcL1wvd3d3LnV0ZXotY2VsamUuc2lcL25ld3BhZ2VcL3dwLWNvbnRlbnRcL3VwbG9hZHNcLzIwMjBcLzAzXC9JTUdfMjAxODExMjZfMTA1MTU2LmpwZyIsInNsaWRlc2hvdyI6IjAyMzQ4MTcifQ%3D%3D\">\n\t\t\t\t\t<div class=\"e-gallery-image elementor-gallery-item__image\" data-thumbnail=\"https:\/\/www.utez-celje.si\/newpage\/wp-content\/uploads\/2020\/03\/IMG_20181126_105156-300x284.jpg\" data-width=\"300\" data-height=\"284\" aria-label=\"Tehtnice po meri, konzola\" role=\"img\" ><\/div>\n\t\t\t\t\t\t\t\t\t\t\t<div class=\"elementor-gallery-item__overlay\"><\/div>\n\t\t\t\t\t\t\t\t\t\t\t\t\t\t<\/a>\n\t\t\t\t\t\t\t<a class=\"e-gallery-item elementor-gallery-item elementor-animated-content\" href=\"https:\/\/www.utez-celje.si\/newpage\/wp-content\/uploads\/2020\/03\/IMG_20181126_105206.jpg\" data-elementor-open-lightbox=\"yes\" data-elementor-lightbox-slideshow=\"0234817\" data-elementor-lightbox-title=\"Tehtnice po meri naro\u010dnika\" data-elementor-lightbox-description=\"UTE\u017d, Tehtnice po meri naro\u010dnika\" data-e-action-hash=\"#elementor-action%3Aaction%3Dlightbox%26settings%3DeyJpZCI6NTk5LCJ1cmwiOiJodHRwczpcL1wvd3d3LnV0ZXotY2VsamUuc2lcL25ld3BhZ2VcL3dwLWNvbnRlbnRcL3VwbG9hZHNcLzIwMjBcLzAzXC9JTUdfMjAxODExMjZfMTA1MjA2LmpwZyIsInNsaWRlc2hvdyI6IjAyMzQ4MTcifQ%3D%3D\">\n\t\t\t\t\t<div class=\"e-gallery-image elementor-gallery-item__image\" data-thumbnail=\"https:\/\/www.utez-celje.si\/newpage\/wp-content\/uploads\/2020\/03\/IMG_20181126_105206-300x225.jpg\" data-width=\"300\" data-height=\"225\" aria-label=\"Tehtnice po meri naro\u010dnika\" role=\"img\" ><\/div>\n\t\t\t\t\t\t\t\t\t\t\t<div class=\"elementor-gallery-item__overlay\"><\/div>\n\t\t\t\t\t\t\t\t\t\t\t\t\t\t<\/a>\n\t\t\t\t\t\t\t<a class=\"e-gallery-item elementor-gallery-item elementor-animated-content\" href=\"https:\/\/www.utez-celje.si\/newpage\/wp-content\/uploads\/2019\/11\/kaminonske-tehtnice-header-min.jpg\" data-elementor-open-lightbox=\"yes\" data-elementor-lightbox-slideshow=\"0234817\" data-elementor-lightbox-title=\"Tehtnice po meri, kamionske tehtnice\" data-elementor-lightbox-description=\"UTE\u017d, Tehtnice po meri, kamionske tehtnice\" data-e-action-hash=\"#elementor-action%3Aaction%3Dlightbox%26settings%3DeyJpZCI6MjY4LCJ1cmwiOiJodHRwczpcL1wvd3d3LnV0ZXotY2VsamUuc2lcL25ld3BhZ2VcL3dwLWNvbnRlbnRcL3VwbG9hZHNcLzIwMTlcLzExXC9rYW1pbm9uc2tlLXRlaHRuaWNlLWhlYWRlci1taW4uanBnIiwic2xpZGVzaG93IjoiMDIzNDgxNyJ9\">\n\t\t\t\t\t<div class=\"e-gallery-image elementor-gallery-item__image\" data-thumbnail=\"https:\/\/www.utez-celje.si\/newpage\/wp-content\/uploads\/2019\/11\/kaminonske-tehtnice-header-min-300x200.jpg\" data-width=\"300\" data-height=\"200\" aria-label=\"Tehtnice po meri, kamionske tehtnice\" role=\"img\" ><\/div>\n\t\t\t\t\t\t\t\t\t\t\t<div class=\"elementor-gallery-item__overlay\"><\/div>\n\t\t\t\t\t\t\t\t\t\t\t\t\t\t<\/a>\n\t\t\t\t\t\t\t<a class=\"e-gallery-item elementor-gallery-item elementor-animated-content\" href=\"https:\/\/www.utez-celje.si\/newpage\/wp-content\/uploads\/2020\/03\/20170522_113845_HDR.jpg\" data-elementor-open-lightbox=\"yes\" data-elementor-lightbox-slideshow=\"0234817\" data-elementor-lightbox-title=\"Tehtnice po meri, display\" data-elementor-lightbox-description=\"UTE\u017d, Tehtnice po meri, display\" data-e-action-hash=\"#elementor-action%3Aaction%3Dlightbox%26settings%3DeyJpZCI6NjAwLCJ1cmwiOiJodHRwczpcL1wvd3d3LnV0ZXotY2VsamUuc2lcL25ld3BhZ2VcL3dwLWNvbnRlbnRcL3VwbG9hZHNcLzIwMjBcLzAzXC8yMDE3MDUyMl8xMTM4NDVfSERSLmpwZyIsInNsaWRlc2hvdyI6IjAyMzQ4MTcifQ%3D%3D\">\n\t\t\t\t\t<div class=\"e-gallery-image elementor-gallery-item__image\" data-thumbnail=\"https:\/\/www.utez-celje.si\/newpage\/wp-content\/uploads\/2020\/03\/20170522_113845_HDR-300x169.jpg\" data-width=\"300\" data-height=\"169\" aria-label=\"Tehtnice po meri, display\" role=\"img\" ><\/div>\n\t\t\t\t\t\t\t\t\t\t\t<div class=\"elementor-gallery-item__overlay\"><\/div>\n\t\t\t\t\t\t\t\t\t\t\t\t\t\t<\/a>\n\t\t\t\t\t\t\t<a class=\"e-gallery-item elementor-gallery-item elementor-animated-content\" href=\"https:\/\/www.utez-celje.si\/newpage\/wp-content\/uploads\/2020\/03\/IMG_20200129_140135-1.jpg\" data-elementor-open-lightbox=\"yes\" data-elementor-lightbox-slideshow=\"0234817\" data-elementor-lightbox-title=\"Tehtnice po meri, platforma\" data-elementor-lightbox-description=\"UTE\u017d, Tehtnice po meri, platforma\" data-e-action-hash=\"#elementor-action%3Aaction%3Dlightbox%26settings%3DeyJpZCI6NjA2LCJ1cmwiOiJodHRwczpcL1wvd3d3LnV0ZXotY2VsamUuc2lcL25ld3BhZ2VcL3dwLWNvbnRlbnRcL3VwbG9hZHNcLzIwMjBcLzAzXC9JTUdfMjAyMDAxMjlfMTQwMTM1LTEuanBnIiwic2xpZGVzaG93IjoiMDIzNDgxNyJ9\">\n\t\t\t\t\t<div class=\"e-gallery-image elementor-gallery-item__image\" data-thumbnail=\"https:\/\/www.utez-celje.si\/newpage\/wp-content\/uploads\/2020\/03\/IMG_20200129_140135-1-300x236.jpg\" data-width=\"300\" data-height=\"236\" aria-label=\"Tehtnice po meri, platforma\" role=\"img\" ><\/div>\n\t\t\t\t\t\t\t\t\t\t\t<div class=\"elementor-gallery-item__overlay\"><\/div>\n\t\t\t\t\t\t\t\t\t\t\t\t\t\t<\/a>\n\t\t\t\t\t\t\t<a class=\"e-gallery-item elementor-gallery-item elementor-animated-content\" href=\"https:\/\/www.utez-celje.si\/newpage\/wp-content\/uploads\/2023\/02\/tehtnice_po_meri.jpg\" data-elementor-open-lightbox=\"yes\" data-elementor-lightbox-slideshow=\"0234817\" data-elementor-lightbox-title=\"tehtnice_po_meri\" data-elementor-lightbox-description=\"UTE\u017d, Tehtnice po meri, transport, \" data-e-action-hash=\"#elementor-action%3Aaction%3Dlightbox%26settings%3DeyJpZCI6MTQ4OSwidXJsIjoiaHR0cHM6XC9cL3d3dy51dGV6LWNlbGplLnNpXC9uZXdwYWdlXC93cC1jb250ZW50XC91cGxvYWRzXC8yMDIzXC8wMlwvdGVodG5pY2VfcG9fbWVyaS5qcGciLCJzbGlkZXNob3ciOiIwMjM0ODE3In0%3D\">\n\t\t\t\t\t<div class=\"e-gallery-image elementor-gallery-item__image\" data-thumbnail=\"https:\/\/www.utez-celje.si\/newpage\/wp-content\/uploads\/2023\/02\/tehtnice_po_meri-300x225.jpg\" data-width=\"300\" data-height=\"225\" aria-label=\"Tehtnice po meri\" role=\"img\" ><\/div>\n\t\t\t\t\t\t\t\t\t\t\t<div class=\"elementor-gallery-item__overlay\"><\/div>\n\t\t\t\t\t\t\t\t\t\t\t\t\t\t<\/a>\n\t\t\t\t\t<\/div>\n\t\t\t<\/div>\n\t\t\t\t<\/div>\n\t\t\t\t<div class=\"elementor-element elementor-element-4d37337e elementor-widget elementor-widget-text-editor\" data-id=\"4d37337e\" data-element_type=\"widget\" data-widget_type=\"text-editor.default\">\n\t\t\t\t<div class=\"elementor-widget-container\">\n\t\t\t\t\t\t\t<p>Skoraj vsi na\u0161i izdelki so tako reko\u010d unikati, saj jih izdelamo namensko za dolo\u010denega kupca in za re\u0161itev problema, ki je lasten posameznemu kupcu.\u00a0 \u00a0<\/p>\t\t\t\t\t\t<\/div>\n\t\t\t\t<\/div>\n\t\t\t\t\t<\/div>\n\t\t<\/div>\n\t\t\t\t\t<\/div>\n\t\t<\/section>\n\t\t\t\t<section class=\"elementor-section elementor-top-section elementor-element elementor-element-580c09ac elementor-section-stretched elementor-section-content-middle elementor-section-boxed elementor-section-height-default elementor-section-height-default\" data-id=\"580c09ac\" data-element_type=\"section\" data-settings=\"{&quot;stretch_section&quot;:&quot;section-stretched&quot;,&quot;background_background&quot;:&quot;classic&quot;,&quot;_ha_eqh_enable&quot;:false}\">\n\t\t\t\t\t\t\t<div class=\"elementor-background-overlay\"><\/div>\n\t\t\t\t\t\t\t<div class=\"elementor-container elementor-column-gap-default\">\n\t\t\t\t\t<div class=\"elementor-column elementor-col-50 elementor-top-column elementor-element elementor-element-745d2e5e\" data-id=\"745d2e5e\" data-element_type=\"column\">\n\t\t\t<div class=\"elementor-widget-wrap elementor-element-populated\">\n\t\t\t\t\t\t<div class=\"elementor-element elementor-element-789247d9 elementor-widget elementor-widget-heading\" data-id=\"789247d9\" data-element_type=\"widget\" data-widget_type=\"heading.default\">\n\t\t\t\t<div class=\"elementor-widget-container\">\n\t\t\t<h4 class=\"elementor-heading-title elementor-size-default\">Potrebujete ve\u010d informacij?<\/h4>\t\t<\/div>\n\t\t\t\t<\/div>\n\t\t\t\t<div class=\"elementor-element elementor-element-7c4dde2e elementor-widget-divider--view-line elementor-widget elementor-widget-divider\" data-id=\"7c4dde2e\" data-element_type=\"widget\" data-widget_type=\"divider.default\">\n\t\t\t\t<div class=\"elementor-widget-container\">\n\t\t\t\t\t<div class=\"elementor-divider\">\n\t\t\t<span class=\"elementor-divider-separator\">\n\t\t\t\t\t\t<\/span>\n\t\t<\/div>\n\t\t\t\t<\/div>\n\t\t\t\t<\/div>\n\t\t\t\t<div class=\"elementor-element elementor-element-4e2ae321 elementor-widget elementor-widget-heading\" data-id=\"4e2ae321\" data-element_type=\"widget\" data-widget_type=\"heading.default\">\n\t\t\t\t<div class=\"elementor-widget-container\">\n\t\t\t<div class=\"elementor-heading-title elementor-size-default\">kontaktirajte <b>nas<\/b><\/div>\t\t<\/div>\n\t\t\t\t<\/div>\n\t\t\t\t<div class=\"elementor-element elementor-element-4320fee7 elementor-widget elementor-widget-text-editor\" data-id=\"4320fee7\" data-element_type=\"widget\" data-widget_type=\"text-editor.default\">\n\t\t\t\t<div class=\"elementor-widget-container\">\n\t\t\t\t\t\t\t<p>z veseljem bomo odgovorili na va\u0161e vpra\u0161anje<\/p>\t\t\t\t\t\t<\/div>\n\t\t\t\t<\/div>\n\t\t\t\t\t<\/div>\n\t\t<\/div>\n\t\t\t\t<div class=\"elementor-column elementor-col-50 elementor-top-column elementor-element elementor-element-2ebbdfd8\" data-id=\"2ebbdfd8\" data-element_type=\"column\">\n\t\t\t<div class=\"elementor-widget-wrap elementor-element-populated\">\n\t\t\t\t\t\t<div class=\"elementor-element elementor-element-1a05531 elementor-align-right elementor-widget elementor-widget-button\" data-id=\"1a05531\" data-element_type=\"widget\" data-widget_type=\"button.default\">\n\t\t\t\t<div class=\"elementor-widget-container\">\n\t\t\t\t\t<div class=\"elementor-button-wrapper\">\n\t\t\t<a class=\"elementor-button elementor-button-link elementor-size-sm\" href=\"https:\/\/www.utez-celje.si\/newpage\/kontakt\/\">\n\t\t\t\t\t\t<span class=\"elementor-button-content-wrapper\">\n\t\t\t\t\t\t<span class=\"elementor-button-icon\">\n\t\t\t\t<i aria-hidden=\"true\" class=\"fas fa-arrow-right\"><\/i>\t\t\t<\/span>\n\t\t\t\t\t\t\t\t\t<span class=\"elementor-button-text\">KONTAKT<\/span>\n\t\t\t\t\t<\/span>\n\t\t\t\t\t<\/a>\n\t\t<\/div>\n\t\t\t\t<\/div>\n\t\t\t\t<\/div>\n\t\t\t\t\t<\/div>\n\t\t<\/div>\n\t\t\t\t\t<\/div>\n\t\t<\/section>\n\t\t\t\t<\/div>\n\t\t","protected":false},"excerpt":{"rendered":"<p>TEHTNICE PO MERI NARO\u010cNIKA Tehtalni sistemi izdelani za najrazli\u010dnej\u0161e potrebe Merjenje razli\u010dnih veli\u010din postaja vedno bolj pomemben dejavnih raznih proizvodnih procesov. Tehtanje oz. merjenje mase je prav gotovo ena bolj izpostavljenih fizikalnih veli\u010din, ki ima pomembno mesto v mnogih procesih. Marsikje, so tehtnice \u017ee intergrirane v samo proizvodnjo linijo in s tem \u017ee v fazi [&hellip;]<\/p>\n","protected":false},"author":1,"featured_media":0,"parent":0,"menu_order":0,"comment_status":"closed","ping_status":"closed","template":"elementor_header_footer","meta":{"_seopress_robots_primary_cat":"","_seopress_titles_title":"Tehtnice po meri naro\u010dnika %%sep%% %%sitetitle%%","_seopress_titles_desc":"Tehtnice po meri naro\u010dnika. Tehtalni sistemi izdelani za najrazli\u010dnej\u0161e potrebe. Merjenje razli\u010dnih veli\u010din postaja vedno bolj pomemben dejavnih raznih proizvodnih procesov. Tehtanje oz. merjenje mase je prav gotovo ena bolj izpostavljenih fizikalnih veli\u010din, ki ima pomembno mesto v mnogih procesih. ","_seopress_robots_index":"","footnotes":""},"_links":{"self":[{"href":"https:\/\/www.utez-celje.si\/newpage\/wp-json\/wp\/v2\/pages\/497"}],"collection":[{"href":"https:\/\/www.utez-celje.si\/newpage\/wp-json\/wp\/v2\/pages"}],"about":[{"href":"https:\/\/www.utez-celje.si\/newpage\/wp-json\/wp\/v2\/types\/page"}],"author":[{"embeddable":true,"href":"https:\/\/www.utez-celje.si\/newpage\/wp-json\/wp\/v2\/users\/1"}],"replies":[{"embeddable":true,"href":"https:\/\/www.utez-celje.si\/newpage\/wp-json\/wp\/v2\/comments?post=497"}],"version-history":[{"count":16,"href":"https:\/\/www.utez-celje.si\/newpage\/wp-json\/wp\/v2\/pages\/497\/revisions"}],"predecessor-version":[{"id":1493,"href":"https:\/\/www.utez-celje.si\/newpage\/wp-json\/wp\/v2\/pages\/497\/revisions\/1493"}],"wp:attachment":[{"href":"https:\/\/www.utez-celje.si\/newpage\/wp-json\/wp\/v2\/media?parent=497"}],"curies":[{"name":"wp","href":"https:\/\/api.w.org\/{rel}","templated":true}]}}