{"id":496,"date":"2020-02-28T15:44:53","date_gmt":"2020-02-28T14:44:53","guid":{"rendered":"https:\/\/www.utez-celje.si\/newpage\/?page_id=496"},"modified":"2023-03-24T11:43:47","modified_gmt":"2023-03-24T10:43:47","slug":"tehtnice-na-vilicarjih","status":"publish","type":"page","link":"https:\/\/www.utez-celje.si\/newpage\/tehtnice-na-vilicarjih\/","title":{"rendered":"Tehtnice vgrajene na elektropaletne in komisionirne vili\u010darje"},"content":{"rendered":"\t\t<div data-elementor-type=\"wp-page\" data-elementor-id=\"496\" class=\"elementor elementor-496\" data-elementor-post-type=\"page\">\n\t\t\t\t\t\t<section class=\"elementor-section elementor-top-section elementor-element elementor-element-76e2add7 elementor-section-full_width elementor-section-height-default elementor-section-height-default\" data-id=\"76e2add7\" data-element_type=\"section\" data-settings=\"{&quot;_ha_eqh_enable&quot;:false}\">\n\t\t\t\t\t\t<div class=\"elementor-container elementor-column-gap-default\">\n\t\t\t\t\t<div class=\"elementor-column elementor-col-100 elementor-top-column elementor-element elementor-element-790c1149\" data-id=\"790c1149\" data-element_type=\"column\" data-settings=\"{&quot;background_background&quot;:&quot;classic&quot;}\">\n\t\t\t<div class=\"elementor-widget-wrap elementor-element-populated\">\n\t\t\t\t\t<div class=\"elementor-background-overlay\"><\/div>\n\t\t\t\t\t\t<div class=\"elementor-element elementor-element-a275239 elementor-widget elementor-widget-spacer\" data-id=\"a275239\" data-element_type=\"widget\" data-widget_type=\"spacer.default\">\n\t\t\t\t<div class=\"elementor-widget-container\">\n\t\t\t\t\t<div class=\"elementor-spacer\">\n\t\t\t<div class=\"elementor-spacer-inner\"><\/div>\n\t\t<\/div>\n\t\t\t\t<\/div>\n\t\t\t\t<\/div>\n\t\t\t\t<div class=\"elementor-element elementor-element-12a51d14 elementor-widget elementor-widget-heading\" data-id=\"12a51d14\" data-element_type=\"widget\" data-widget_type=\"heading.default\">\n\t\t\t\t<div class=\"elementor-widget-container\">\n\t\t\t<h1 class=\"elementor-heading-title elementor-size-default\">TEHTNICE NA VILI\u010cARJIH<\/h1>\t\t<\/div>\n\t\t\t\t<\/div>\n\t\t\t\t<div class=\"elementor-element elementor-element-bbff108 elementor-widget elementor-widget-spacer\" data-id=\"bbff108\" data-element_type=\"widget\" data-widget_type=\"spacer.default\">\n\t\t\t\t<div class=\"elementor-widget-container\">\n\t\t\t\t\t<div class=\"elementor-spacer\">\n\t\t\t<div class=\"elementor-spacer-inner\"><\/div>\n\t\t<\/div>\n\t\t\t\t<\/div>\n\t\t\t\t<\/div>\n\t\t\t\t\t<\/div>\n\t\t<\/div>\n\t\t\t\t\t<\/div>\n\t\t<\/section>\n\t\t\t\t<section class=\"elementor-section elementor-top-section elementor-element elementor-element-62565f8d elementor-section-content-middle elementor-section-boxed elementor-section-height-default elementor-section-height-default\" data-id=\"62565f8d\" data-element_type=\"section\" data-settings=\"{&quot;background_background&quot;:&quot;gradient&quot;,&quot;_ha_eqh_enable&quot;:false}\">\n\t\t\t\t\t\t<div class=\"elementor-container elementor-column-gap-default\">\n\t\t\t\t\t<div class=\"elementor-column elementor-col-100 elementor-top-column elementor-element elementor-element-760035ab\" data-id=\"760035ab\" data-element_type=\"column\">\n\t\t\t<div class=\"elementor-widget-wrap elementor-element-populated\">\n\t\t\t\t\t\t<div class=\"elementor-element elementor-element-5f0d521d elementor-widget elementor-widget-heading\" data-id=\"5f0d521d\" data-element_type=\"widget\" data-widget_type=\"heading.default\">\n\t\t\t\t<div class=\"elementor-widget-container\">\n\t\t\t<h1 class=\"elementor-heading-title elementor-size-default\">Tehtnice vgrajene na elektropaletne in komisionirne  vili\u010darje<\/h1>\t\t<\/div>\n\t\t\t\t<\/div>\n\t\t\t\t<section class=\"elementor-section elementor-inner-section elementor-element elementor-element-31330c62 elementor-section-boxed elementor-section-height-default elementor-section-height-default\" data-id=\"31330c62\" data-element_type=\"section\" data-settings=\"{&quot;_ha_eqh_enable&quot;:false}\">\n\t\t\t\t\t\t<div class=\"elementor-container elementor-column-gap-default\">\n\t\t\t\t\t<div class=\"elementor-column elementor-col-100 elementor-inner-column elementor-element elementor-element-b325ede\" data-id=\"b325ede\" data-element_type=\"column\">\n\t\t\t<div class=\"elementor-widget-wrap elementor-element-populated\">\n\t\t\t\t\t\t<div class=\"elementor-element elementor-element-239a58e8 elementor-widget elementor-widget-text-editor\" data-id=\"239a58e8\" data-element_type=\"widget\" data-widget_type=\"text-editor.default\">\n\t\t\t\t<div class=\"elementor-widget-container\">\n\t\t\t\t\t\t\t<p>Tehtanje&nbsp; na vili\u010darjih je&nbsp; zelo podrobno predstavljeno&nbsp; v&nbsp; rubriki MOBILNO&nbsp; TEHTANJE, kjer vam predstavljamo&nbsp; resni\u010dno bogato ponudbo raznih mo\u017enosti&nbsp; tehtanja&nbsp; na raznih mobilnih napravah.&nbsp; Ro\u010dni vili\u010darji s tehtnico , kot tudi&nbsp; &nbsp; tehtnice na \u010delnih vili\u010darjih,&nbsp; so gotov proizvod, ki ga izdela podjetje RAVAS&nbsp; iz Nizozemske.&nbsp; So med&nbsp; vodilnimi&nbsp; proizvajalci&nbsp;<span style=\"background-color: transparent; font-size: 1rem;\">&nbsp;te vrste&nbsp; tehtnic v svetu.&nbsp; Tehtnice , ki so v&nbsp; uporabi na raznih elektropaletnih vili\u010darjih&nbsp; s dvigom ali brez, ter&nbsp; tehtnice na&nbsp; komisionirnih&nbsp; pa&nbsp; vgrajujemo&nbsp; &nbsp;v podjetju&nbsp; UTE\u017d sami.&nbsp; Potrebno je namre\u010d izvesti&nbsp; obse\u017eno rekonstrukcijo, da lahko elektropaletni&nbsp; vili\u010dar&nbsp; obogatimo \u0161e s tehtanjem.&nbsp; &nbsp;V Sloveniji in&nbsp; na Hrva\u0161kem nam&nbsp; zaupajo vsi vodilni&nbsp; prodajalci transportne opreme kot so :&nbsp; Linde, Still, Jungheinrich, Crown&nbsp; in \u0161e bi lahko na\u0161tevali.&nbsp; &nbsp;V kombinaciji s&nbsp; lastnim razvojem&nbsp; programske opreme vam tako lahko ponudimo&nbsp; zelo u\u010dinkovito re\u0161itev&nbsp; tehtanja, kot tudi&nbsp; obvladovanja administrativnega dela, ki je je&nbsp; neizbe\u017een&nbsp; del&nbsp; vseh poslovnih procesov.&nbsp;<\/span><\/p>\t\t\t\t\t\t<\/div>\n\t\t\t\t<\/div>\n\t\t\t\t\t<\/div>\n\t\t<\/div>\n\t\t\t\t\t<\/div>\n\t\t<\/section>\n\t\t\t\t<div class=\"elementor-element elementor-element-913882c ha-image-grid--even elementor-widget elementor-widget-ha-image-grid happy-addon ha-image-grid\" data-id=\"913882c\" data-element_type=\"widget\" data-settings=\"{&quot;layout&quot;:&quot;even&quot;,&quot;enable_popup&quot;:&quot;yes&quot;}\" data-widget_type=\"ha-image-grid.default\">\n\t\t\t\t<div class=\"elementor-widget-container\">\n\t\t\t\n\t\t<div class=\"ha-image-grid__wrap hajs-isotope ha-lightbox--has\">\n\t\t\t\t\t\t\t\n\t\t\t\t<a href=\"#\" data-mfp-src=\"https:\/\/www.utez-celje.si\/newpage\/wp-content\/uploads\/2023\/01\/ZU0XJjz2-768x1024.jpeg\" class=\"ha-image-grid__item ha-js-lightbox __fltr-1\">\n\t\t\t\t\t<img fetchpriority=\"high\" decoding=\"async\" width=\"768\" height=\"1024\" src=\"https:\/\/www.utez-celje.si\/newpage\/wp-content\/uploads\/2023\/01\/ZU0XJjz2-768x1024.jpeg\" class=\"elementor-animation-grow\" alt=\"\" srcset=\"https:\/\/www.utez-celje.si\/newpage\/wp-content\/uploads\/2023\/01\/ZU0XJjz2-768x1024.jpeg 768w, https:\/\/www.utez-celje.si\/newpage\/wp-content\/uploads\/2023\/01\/ZU0XJjz2-225x300.jpeg 225w, https:\/\/www.utez-celje.si\/newpage\/wp-content\/uploads\/2023\/01\/ZU0XJjz2-1152x1536.jpeg 1152w, https:\/\/www.utez-celje.si\/newpage\/wp-content\/uploads\/2023\/01\/ZU0XJjz2.jpeg 1200w\" sizes=\"(max-width: 768px) 100vw, 768px\" \/>\t\t\t\t<\/a>\n\t\t\t\t\t\t\t\n\t\t\t\t<a href=\"#\" data-mfp-src=\"https:\/\/www.utez-celje.si\/newpage\/wp-content\/uploads\/2022\/11\/wp_upload_proxy945833106.-971x1024.webp\" class=\"ha-image-grid__item ha-js-lightbox __fltr-1\">\n\t\t\t\t\t<img decoding=\"async\" width=\"768\" height=\"810\" src=\"https:\/\/www.utez-celje.si\/newpage\/wp-content\/uploads\/2022\/11\/wp_upload_proxy945833106.-768x810.webp\" class=\"elementor-animation-grow\" alt=\"\" srcset=\"https:\/\/www.utez-celje.si\/newpage\/wp-content\/uploads\/2022\/11\/wp_upload_proxy945833106.-768x810.webp 768w, https:\/\/www.utez-celje.si\/newpage\/wp-content\/uploads\/2022\/11\/wp_upload_proxy945833106.-284x300.webp 284w, https:\/\/www.utez-celje.si\/newpage\/wp-content\/uploads\/2022\/11\/wp_upload_proxy945833106.-971x1024.webp 971w, https:\/\/www.utez-celje.si\/newpage\/wp-content\/uploads\/2022\/11\/wp_upload_proxy945833106..webp 1000w\" sizes=\"(max-width: 768px) 100vw, 768px\" \/>\t\t\t\t<\/a>\n\t\t\t\t\t\t\t\n\t\t\t\t<a href=\"#\" data-mfp-src=\"https:\/\/www.utez-celje.si\/newpage\/wp-content\/uploads\/2020\/02\/ravas-iforks-32_xt-big-1024x508.png\" class=\"ha-image-grid__item ha-js-lightbox __fltr-1\">\n\t\t\t\t\t<img decoding=\"async\" width=\"768\" height=\"381\" src=\"https:\/\/www.utez-celje.si\/newpage\/wp-content\/uploads\/2020\/02\/ravas-iforks-32_xt-big-768x381.png\" class=\"elementor-animation-grow\" alt=\"Tehtnice na \u010delnih vili\u010darjih, I FORKS XT BIG, RAVAS,\" srcset=\"https:\/\/www.utez-celje.si\/newpage\/wp-content\/uploads\/2020\/02\/ravas-iforks-32_xt-big-768x381.png 768w, https:\/\/www.utez-celje.si\/newpage\/wp-content\/uploads\/2020\/02\/ravas-iforks-32_xt-big-300x149.png 300w, https:\/\/www.utez-celje.si\/newpage\/wp-content\/uploads\/2020\/02\/ravas-iforks-32_xt-big-1024x508.png 1024w, https:\/\/www.utez-celje.si\/newpage\/wp-content\/uploads\/2020\/02\/ravas-iforks-32_xt-big.png 1100w\" sizes=\"(max-width: 768px) 100vw, 768px\" \/>\t\t\t\t<\/a>\n\t\t\t\t\t\t\t\n\t\t\t\t<a href=\"#\" data-mfp-src=\"https:\/\/www.utez-celje.si\/newpage\/wp-content\/uploads\/2019\/11\/rocni_vilicar_ravas_2100_big.jpg\" class=\"ha-image-grid__item ha-js-lightbox __fltr-1\">\n\t\t\t\t\t<img loading=\"lazy\" decoding=\"async\" width=\"524\" height=\"546\" src=\"https:\/\/www.utez-celje.si\/newpage\/wp-content\/uploads\/2019\/11\/rocni_vilicar_ravas_2100_big.jpg\" class=\"elementor-animation-grow\" alt=\"Tehtnica na ro\u010dnem vili\u010darju, RAVAS, RAVAS -3200\" srcset=\"https:\/\/www.utez-celje.si\/newpage\/wp-content\/uploads\/2019\/11\/rocni_vilicar_ravas_2100_big.jpg 524w, https:\/\/www.utez-celje.si\/newpage\/wp-content\/uploads\/2019\/11\/rocni_vilicar_ravas_2100_big-288x300.jpg 288w\" sizes=\"(max-width: 524px) 100vw, 524px\" \/>\t\t\t\t<\/a>\n\t\t\t\t\t\t\t\n\t\t\t\t<a href=\"#\" data-mfp-src=\"https:\/\/www.utez-celje.si\/newpage\/wp-content\/uploads\/2022\/11\/wp_upload_proxy121783423..jpeg\" class=\"ha-image-grid__item ha-js-lightbox __fltr-1\">\n\t\t\t\t\t<img loading=\"lazy\" decoding=\"async\" width=\"768\" height=\"440\" src=\"https:\/\/www.utez-celje.si\/newpage\/wp-content\/uploads\/2022\/11\/wp_upload_proxy121783423.-768x440.jpeg\" class=\"elementor-animation-grow\" alt=\"\" srcset=\"https:\/\/www.utez-celje.si\/newpage\/wp-content\/uploads\/2022\/11\/wp_upload_proxy121783423.-768x440.jpeg 768w, https:\/\/www.utez-celje.si\/newpage\/wp-content\/uploads\/2022\/11\/wp_upload_proxy121783423.-300x172.jpeg 300w, https:\/\/www.utez-celje.si\/newpage\/wp-content\/uploads\/2022\/11\/wp_upload_proxy121783423..jpeg 1024w\" sizes=\"(max-width: 768px) 100vw, 768px\" \/>\t\t\t\t<\/a>\n\t\t\t\t\t\t\t\n\t\t\t\t<a href=\"#\" data-mfp-src=\"https:\/\/www.utez-celje.si\/newpage\/wp-content\/uploads\/2021\/06\/ravas_ergo_truck.jpg\" class=\"ha-image-grid__item ha-js-lightbox __fltr-1\">\n\t\t\t\t\t<img loading=\"lazy\" decoding=\"async\" width=\"502\" height=\"500\" src=\"https:\/\/www.utez-celje.si\/newpage\/wp-content\/uploads\/2021\/06\/ravas_ergo_truck.jpg\" class=\"elementor-animation-grow\" alt=\"RAVAS Ergo Truck, tehtnice, tehtnica, tehtnica na ro\u010dnem vili\u010darju,\" srcset=\"https:\/\/www.utez-celje.si\/newpage\/wp-content\/uploads\/2021\/06\/ravas_ergo_truck.jpg 502w, https:\/\/www.utez-celje.si\/newpage\/wp-content\/uploads\/2021\/06\/ravas_ergo_truck-300x300.jpg 300w, https:\/\/www.utez-celje.si\/newpage\/wp-content\/uploads\/2021\/06\/ravas_ergo_truck-150x150.jpg 150w\" sizes=\"(max-width: 502px) 100vw, 502px\" \/>\t\t\t\t<\/a>\n\t\t\t\t\t\t\t\n\t\t\t\t<a href=\"#\" data-mfp-src=\"https:\/\/www.utez-celje.si\/newpage\/wp-content\/uploads\/2020\/02\/iforks-economy-2.0.web_-1024x508.jpg\" class=\"ha-image-grid__item ha-js-lightbox __fltr-1\">\n\t\t\t\t\t<img loading=\"lazy\" decoding=\"async\" width=\"768\" height=\"381\" src=\"https:\/\/www.utez-celje.si\/newpage\/wp-content\/uploads\/2020\/02\/iforks-economy-2.0.web_-768x381.jpg\" class=\"elementor-animation-grow\" alt=\"Tehtnice na \u010delnih vili\u010darjih, I FORKS ECONOMY, RAVAS,\" srcset=\"https:\/\/www.utez-celje.si\/newpage\/wp-content\/uploads\/2020\/02\/iforks-economy-2.0.web_-768x381.jpg 768w, https:\/\/www.utez-celje.si\/newpage\/wp-content\/uploads\/2020\/02\/iforks-economy-2.0.web_-300x149.jpg 300w, https:\/\/www.utez-celje.si\/newpage\/wp-content\/uploads\/2020\/02\/iforks-economy-2.0.web_-1024x508.jpg 1024w, https:\/\/www.utez-celje.si\/newpage\/wp-content\/uploads\/2020\/02\/iforks-economy-2.0.web_.jpg 1100w\" sizes=\"(max-width: 768px) 100vw, 768px\" \/>\t\t\t\t<\/a>\n\t\t\t\t\t\t\t\n\t\t\t\t<a href=\"#\" data-mfp-src=\"https:\/\/www.utez-celje.si\/newpage\/wp-content\/uploads\/2020\/02\/iforks-32-web-1024x508.png\" class=\"ha-image-grid__item ha-js-lightbox __fltr-1\">\n\t\t\t\t\t<img loading=\"lazy\" decoding=\"async\" width=\"768\" height=\"381\" src=\"https:\/\/www.utez-celje.si\/newpage\/wp-content\/uploads\/2020\/02\/iforks-32-web-768x381.png\" class=\"elementor-animation-grow\" alt=\"Tehtnice na \u010delnih vili\u010darjih, I FORKS, RAVAS,\" srcset=\"https:\/\/www.utez-celje.si\/newpage\/wp-content\/uploads\/2020\/02\/iforks-32-web-768x381.png 768w, https:\/\/www.utez-celje.si\/newpage\/wp-content\/uploads\/2020\/02\/iforks-32-web-300x149.png 300w, https:\/\/www.utez-celje.si\/newpage\/wp-content\/uploads\/2020\/02\/iforks-32-web-1024x508.png 1024w, https:\/\/www.utez-celje.si\/newpage\/wp-content\/uploads\/2020\/02\/iforks-32-web.png 1100w\" sizes=\"(max-width: 768px) 100vw, 768px\" \/>\t\t\t\t<\/a>\n\t\t\t\t\t\t\t\n\t\t\t\t<a href=\"#\" data-mfp-src=\"https:\/\/www.utez-celje.si\/newpage\/wp-content\/uploads\/2020\/02\/iforks-touch_1-1024x508.jpg\" class=\"ha-image-grid__item ha-js-lightbox __fltr-1\">\n\t\t\t\t\t<img loading=\"lazy\" decoding=\"async\" width=\"768\" height=\"381\" src=\"https:\/\/www.utez-celje.si\/newpage\/wp-content\/uploads\/2020\/02\/iforks-touch_1-768x381.jpg\" class=\"elementor-animation-grow\" alt=\"Tehtnice na \u010delnih vili\u010darjih, I FORKS TOUCH, RAVAS,\" srcset=\"https:\/\/www.utez-celje.si\/newpage\/wp-content\/uploads\/2020\/02\/iforks-touch_1-768x381.jpg 768w, https:\/\/www.utez-celje.si\/newpage\/wp-content\/uploads\/2020\/02\/iforks-touch_1-300x149.jpg 300w, https:\/\/www.utez-celje.si\/newpage\/wp-content\/uploads\/2020\/02\/iforks-touch_1-1024x508.jpg 1024w, https:\/\/www.utez-celje.si\/newpage\/wp-content\/uploads\/2020\/02\/iforks-touch_1.jpg 1100w\" sizes=\"(max-width: 768px) 100vw, 768px\" \/>\t\t\t\t<\/a>\n\t\t\t\t\t\t\t\n\t\t\t\t<a href=\"#\" data-mfp-src=\"https:\/\/www.utez-celje.si\/newpage\/wp-content\/uploads\/2019\/11\/elektropaletni-rpw-st.jpg\" class=\"ha-image-grid__item ha-js-lightbox __fltr-1\">\n\t\t\t\t\t<img loading=\"lazy\" decoding=\"async\" width=\"460\" height=\"500\" src=\"https:\/\/www.utez-celje.si\/newpage\/wp-content\/uploads\/2019\/11\/elektropaletni-rpw-st.jpg\" class=\"elementor-animation-grow\" alt=\"Elektropaletni vili\u010darji, RPW ST, RAVAS,\" srcset=\"https:\/\/www.utez-celje.si\/newpage\/wp-content\/uploads\/2019\/11\/elektropaletni-rpw-st.jpg 460w, https:\/\/www.utez-celje.si\/newpage\/wp-content\/uploads\/2019\/11\/elektropaletni-rpw-st-276x300.jpg 276w\" sizes=\"(max-width: 460px) 100vw, 460px\" \/>\t\t\t\t<\/a>\n\t\t\t\t\t\t\t\n\t\t\t\t<a href=\"#\" data-mfp-src=\"https:\/\/www.utez-celje.si\/newpage\/wp-content\/uploads\/2019\/11\/rocni_vilicar_savar2100.jpg\" class=\"ha-image-grid__item ha-js-lightbox __fltr-1\">\n\t\t\t\t\t<img loading=\"lazy\" decoding=\"async\" width=\"342\" height=\"360\" src=\"https:\/\/www.utez-celje.si\/newpage\/wp-content\/uploads\/2019\/11\/rocni_vilicar_savar2100.jpg\" class=\"elementor-animation-grow\" alt=\"Tehtnic na ro\u010dnih vili\u010darjih, posebne izvedbe,\" srcset=\"https:\/\/www.utez-celje.si\/newpage\/wp-content\/uploads\/2019\/11\/rocni_vilicar_savar2100.jpg 342w, https:\/\/www.utez-celje.si\/newpage\/wp-content\/uploads\/2019\/11\/rocni_vilicar_savar2100-285x300.jpg 285w\" sizes=\"(max-width: 342px) 100vw, 342px\" \/>\t\t\t\t<\/a>\n\t\t\t\t\t\t\t\n\t\t\t\t<a href=\"#\" data-mfp-src=\"https:\/\/www.utez-celje.si\/newpage\/wp-content\/uploads\/2019\/11\/rocni_vilicar_ravas1100.jpg\" class=\"ha-image-grid__item ha-js-lightbox __fltr-1\">\n\t\t\t\t\t<img loading=\"lazy\" decoding=\"async\" width=\"353\" height=\"360\" src=\"https:\/\/www.utez-celje.si\/newpage\/wp-content\/uploads\/2019\/11\/rocni_vilicar_ravas1100.jpg\" class=\"elementor-animation-grow\" alt=\"Tehtnica na ro\u010dnem vili\u010darju, RAVAS -1100, RAVAS,\" srcset=\"https:\/\/www.utez-celje.si\/newpage\/wp-content\/uploads\/2019\/11\/rocni_vilicar_ravas1100.jpg 353w, https:\/\/www.utez-celje.si\/newpage\/wp-content\/uploads\/2019\/11\/rocni_vilicar_ravas1100-294x300.jpg 294w\" sizes=\"(max-width: 353px) 100vw, 353px\" \/>\t\t\t\t<\/a>\n\t\t\t\t\t<\/div>\n\n\t\t\t\t<\/div>\n\t\t\t\t<\/div>\n\t\t\t\t\t<\/div>\n\t\t<\/div>\n\t\t\t\t\t<\/div>\n\t\t<\/section>\n\t\t\t\t<section class=\"elementor-section elementor-top-section elementor-element elementor-element-60e07437 elementor-section-stretched elementor-section-content-middle elementor-section-boxed elementor-section-height-default elementor-section-height-default\" data-id=\"60e07437\" data-element_type=\"section\" data-settings=\"{&quot;stretch_section&quot;:&quot;section-stretched&quot;,&quot;background_background&quot;:&quot;classic&quot;,&quot;_ha_eqh_enable&quot;:false}\">\n\t\t\t\t\t\t\t<div class=\"elementor-background-overlay\"><\/div>\n\t\t\t\t\t\t\t<div class=\"elementor-container elementor-column-gap-default\">\n\t\t\t\t\t<div class=\"elementor-column elementor-col-50 elementor-top-column elementor-element elementor-element-45568357\" data-id=\"45568357\" data-element_type=\"column\">\n\t\t\t<div class=\"elementor-widget-wrap elementor-element-populated\">\n\t\t\t\t\t\t<div class=\"elementor-element elementor-element-1d7fc82f elementor-widget elementor-widget-heading\" data-id=\"1d7fc82f\" data-element_type=\"widget\" data-widget_type=\"heading.default\">\n\t\t\t\t<div class=\"elementor-widget-container\">\n\t\t\t<h4 class=\"elementor-heading-title elementor-size-default\">Potrebujete ve\u010d informacij?<\/h4>\t\t<\/div>\n\t\t\t\t<\/div>\n\t\t\t\t<div class=\"elementor-element elementor-element-972728a elementor-widget-divider--view-line elementor-widget elementor-widget-divider\" data-id=\"972728a\" data-element_type=\"widget\" data-widget_type=\"divider.default\">\n\t\t\t\t<div class=\"elementor-widget-container\">\n\t\t\t\t\t<div class=\"elementor-divider\">\n\t\t\t<span class=\"elementor-divider-separator\">\n\t\t\t\t\t\t<\/span>\n\t\t<\/div>\n\t\t\t\t<\/div>\n\t\t\t\t<\/div>\n\t\t\t\t<div class=\"elementor-element elementor-element-4d3a76d8 elementor-widget elementor-widget-heading\" data-id=\"4d3a76d8\" data-element_type=\"widget\" data-widget_type=\"heading.default\">\n\t\t\t\t<div class=\"elementor-widget-container\">\n\t\t\t<div class=\"elementor-heading-title elementor-size-default\">kontaktirajte <b>nas<\/b><\/div>\t\t<\/div>\n\t\t\t\t<\/div>\n\t\t\t\t<div class=\"elementor-element elementor-element-261cdcbb elementor-widget elementor-widget-text-editor\" data-id=\"261cdcbb\" data-element_type=\"widget\" data-widget_type=\"text-editor.default\">\n\t\t\t\t<div class=\"elementor-widget-container\">\n\t\t\t\t\t\t\t<p>z veseljem bomo odgovorili na va\u0161e vpra\u0161anje<\/p>\t\t\t\t\t\t<\/div>\n\t\t\t\t<\/div>\n\t\t\t\t\t<\/div>\n\t\t<\/div>\n\t\t\t\t<div class=\"elementor-column elementor-col-50 elementor-top-column elementor-element elementor-element-1d12c691\" data-id=\"1d12c691\" data-element_type=\"column\">\n\t\t\t<div class=\"elementor-widget-wrap elementor-element-populated\">\n\t\t\t\t\t\t<div class=\"elementor-element elementor-element-4a6f4bd7 elementor-align-right elementor-widget elementor-widget-button\" data-id=\"4a6f4bd7\" data-element_type=\"widget\" data-widget_type=\"button.default\">\n\t\t\t\t<div class=\"elementor-widget-container\">\n\t\t\t\t\t<div class=\"elementor-button-wrapper\">\n\t\t\t<a class=\"elementor-button elementor-button-link elementor-size-sm\" href=\"https:\/\/www.utez-celje.si\/newpage\/kontakt\/\">\n\t\t\t\t\t\t<span class=\"elementor-button-content-wrapper\">\n\t\t\t\t\t\t<span class=\"elementor-button-icon\">\n\t\t\t\t<i aria-hidden=\"true\" class=\"fas fa-arrow-right\"><\/i>\t\t\t<\/span>\n\t\t\t\t\t\t\t\t\t<span class=\"elementor-button-text\">KONTAKT<\/span>\n\t\t\t\t\t<\/span>\n\t\t\t\t\t<\/a>\n\t\t<\/div>\n\t\t\t\t<\/div>\n\t\t\t\t<\/div>\n\t\t\t\t\t<\/div>\n\t\t<\/div>\n\t\t\t\t\t<\/div>\n\t\t<\/section>\n\t\t\t\t<\/div>\n\t\t","protected":false},"excerpt":{"rendered":"<p>TEHTNICE NA VILI\u010cARJIH Tehtnice vgrajene na elektropaletne in komisionirne vili\u010darje Tehtanje&nbsp; na vili\u010darjih je&nbsp; zelo podrobno predstavljeno&nbsp; v&nbsp; rubriki MOBILNO&nbsp; TEHTANJE, kjer vam predstavljamo&nbsp; resni\u010dno bogato ponudbo raznih mo\u017enosti&nbsp; tehtanja&nbsp; na raznih mobilnih napravah.&nbsp; Ro\u010dni vili\u010darji s tehtnico , kot tudi&nbsp; &nbsp; tehtnice na \u010delnih vili\u010darjih,&nbsp; so gotov proizvod, ki ga izdela podjetje RAVAS&nbsp; iz [&hellip;]<\/p>\n","protected":false},"author":1,"featured_media":0,"parent":0,"menu_order":0,"comment_status":"closed","ping_status":"closed","template":"elementor_header_footer","meta":{"_seopress_robots_primary_cat":"","_seopress_titles_title":"Tehtnice na vili\u010darjih %%sep%%Mobilno tehtanje %%sep%% %%sitetitle%%","_seopress_titles_desc":"Tehtnice na vili\u010darjih kot so npr. tehtnice na ro\u010dnih paletnikih, tehtnice na elektro paletnih vili\u010darjih, tehtnice na \u010delnih vili\u010darjih ter varnost in pozvezljivost in mobilnost.","_seopress_robots_index":"","footnotes":""},"_links":{"self":[{"href":"https:\/\/www.utez-celje.si\/newpage\/wp-json\/wp\/v2\/pages\/496"}],"collection":[{"href":"https:\/\/www.utez-celje.si\/newpage\/wp-json\/wp\/v2\/pages"}],"about":[{"href":"https:\/\/www.utez-celje.si\/newpage\/wp-json\/wp\/v2\/types\/page"}],"author":[{"embeddable":true,"href":"https:\/\/www.utez-celje.si\/newpage\/wp-json\/wp\/v2\/users\/1"}],"replies":[{"embeddable":true,"href":"https:\/\/www.utez-celje.si\/newpage\/wp-json\/wp\/v2\/comments?post=496"}],"version-history":[{"count":19,"href":"https:\/\/www.utez-celje.si\/newpage\/wp-json\/wp\/v2\/pages\/496\/revisions"}],"predecessor-version":[{"id":1514,"href":"https:\/\/www.utez-celje.si\/newpage\/wp-json\/wp\/v2\/pages\/496\/revisions\/1514"}],"wp:attachment":[{"href":"https:\/\/www.utez-celje.si\/newpage\/wp-json\/wp\/v2\/media?parent=496"}],"curies":[{"name":"wp","href":"https:\/\/api.w.org\/{rel}","templated":true}]}}