{"id":492,"date":"2020-02-28T15:43:06","date_gmt":"2020-02-28T14:43:06","guid":{"rendered":"https:\/\/www.utez-celje.si\/newpage\/?page_id=492"},"modified":"2020-06-08T20:59:48","modified_gmt":"2020-06-08T18:59:48","slug":"tracne-tehtnice","status":"publish","type":"page","link":"https:\/\/www.utez-celje.si\/newpage\/tracne-tehtnice\/","title":{"rendered":"TRA\u010cNE TEHTNICE"},"content":{"rendered":"\t\t<div data-elementor-type=\"wp-page\" data-elementor-id=\"492\" class=\"elementor elementor-492\" data-elementor-post-type=\"page\">\n\t\t\t\t\t\t<section class=\"elementor-section elementor-top-section elementor-element elementor-element-47558858 elementor-section-full_width elementor-section-height-default elementor-section-height-default\" data-id=\"47558858\" data-element_type=\"section\" data-settings=\"{&quot;_ha_eqh_enable&quot;:false}\">\n\t\t\t\t\t\t<div class=\"elementor-container elementor-column-gap-default\">\n\t\t\t\t\t<div class=\"elementor-column elementor-col-100 elementor-top-column elementor-element elementor-element-4d0153cf\" data-id=\"4d0153cf\" data-element_type=\"column\" data-settings=\"{&quot;background_background&quot;:&quot;classic&quot;}\">\n\t\t\t<div class=\"elementor-widget-wrap elementor-element-populated\">\n\t\t\t\t\t<div class=\"elementor-background-overlay\"><\/div>\n\t\t\t\t\t\t<div class=\"elementor-element elementor-element-41930037 elementor-widget elementor-widget-heading\" data-id=\"41930037\" data-element_type=\"widget\" data-widget_type=\"heading.default\">\n\t\t\t\t<div class=\"elementor-widget-container\">\n\t\t\t<h1 class=\"elementor-heading-title elementor-size-xl\">TRA\u010cNE TEHTNICE<\/h1>\t\t<\/div>\n\t\t\t\t<\/div>\n\t\t\t\t<div class=\"elementor-element elementor-element-9c6f518 elementor-widget elementor-widget-spacer\" data-id=\"9c6f518\" data-element_type=\"widget\" data-widget_type=\"spacer.default\">\n\t\t\t\t<div class=\"elementor-widget-container\">\n\t\t\t\t\t<div class=\"elementor-spacer\">\n\t\t\t<div class=\"elementor-spacer-inner\"><\/div>\n\t\t<\/div>\n\t\t\t\t<\/div>\n\t\t\t\t<\/div>\n\t\t\t\t\t<\/div>\n\t\t<\/div>\n\t\t\t\t\t<\/div>\n\t\t<\/section>\n\t\t\t\t<section class=\"elementor-section elementor-top-section elementor-element elementor-element-5d227142 elementor-section-content-middle elementor-section-boxed elementor-section-height-default elementor-section-height-default\" data-id=\"5d227142\" data-element_type=\"section\" data-settings=\"{&quot;background_background&quot;:&quot;gradient&quot;,&quot;_ha_eqh_enable&quot;:false}\">\n\t\t\t\t\t\t<div class=\"elementor-container elementor-column-gap-default\">\n\t\t\t\t\t<div class=\"elementor-column elementor-col-100 elementor-top-column elementor-element elementor-element-4dcab6db\" data-id=\"4dcab6db\" data-element_type=\"column\">\n\t\t\t<div class=\"elementor-widget-wrap elementor-element-populated\">\n\t\t\t\t\t\t<div class=\"elementor-element elementor-element-1b32565c elementor-widget elementor-widget-heading\" data-id=\"1b32565c\" data-element_type=\"widget\" data-widget_type=\"heading.default\">\n\t\t\t\t<div class=\"elementor-widget-container\">\n\t\t\t<h1 class=\"elementor-heading-title elementor-size-default\">Tehtnice za tehtanje na transportnem traku<\/h1>\t\t<\/div>\n\t\t\t\t<\/div>\n\t\t\t\t<section class=\"elementor-section elementor-inner-section elementor-element elementor-element-6629139c elementor-section-boxed elementor-section-height-default elementor-section-height-default\" data-id=\"6629139c\" data-element_type=\"section\" data-settings=\"{&quot;_ha_eqh_enable&quot;:false}\">\n\t\t\t\t\t\t<div class=\"elementor-container elementor-column-gap-default\">\n\t\t\t\t\t<div class=\"elementor-column elementor-col-100 elementor-inner-column elementor-element elementor-element-23a0a9b6\" data-id=\"23a0a9b6\" data-element_type=\"column\">\n\t\t\t<div class=\"elementor-widget-wrap elementor-element-populated\">\n\t\t\t\t\t\t<div class=\"elementor-element elementor-element-38647dc2 elementor-widget elementor-widget-text-editor\" data-id=\"38647dc2\" data-element_type=\"widget\" data-widget_type=\"text-editor.default\">\n\t\t\t\t<div class=\"elementor-widget-container\">\n\t\t\t\t\t\t\t<p>Tra\u010dne tehtnice\u00a0 so\u00a0 zelo u\u010dinkovit, v\u010dasih pa tudi nepogre\u0161ljiv element merjenja\u00a0 pretokov materiala\u00a0 na raznih transportnih trakovih. V podjetju UTE\u017d, d.o.o. tra\u010dne tehtnice izdelujemo od leta 1988 ko smo za potrebe RTH iz Trbovelj izdelali prve tra\u010dne tehtnice. Tra\u010dne tehtnice, ki jih izdelamo in vgradimo na posami\u010den transporter, so vedno izdelane namensko za to\u010dno dolo\u010den transporter. Na ta na\u010din jih lahko vgradimo na ve\u010dino\u00a0 \u00a0 transportnih potih, ne glede na vrsto in namen le teh. Na\u0161e izdelke tako lahko najdete na premi\u010dnih drobilcih v raznih kamnolomih, v premogovniku, luki Koper, odprtih kopih rudnikov Bardh in Mirash na Kosovu, termoelektrarni in \u0161e bi lahko na\u0161tevali.\u00a0\u00a0<\/p>\t\t\t\t\t\t<\/div>\n\t\t\t\t<\/div>\n\t\t\t\t\t<\/div>\n\t\t<\/div>\n\t\t\t\t\t<\/div>\n\t\t<\/section>\n\t\t\t\t<div class=\"elementor-element elementor-element-c888427 elementor-widget elementor-widget-gallery\" data-id=\"c888427\" data-element_type=\"widget\" data-settings=\"{&quot;gallery_layout&quot;:&quot;justified&quot;,&quot;lazyload&quot;:&quot;yes&quot;,&quot;ideal_row_height&quot;:{&quot;unit&quot;:&quot;px&quot;,&quot;size&quot;:200,&quot;sizes&quot;:[]},&quot;ideal_row_height_tablet&quot;:{&quot;unit&quot;:&quot;px&quot;,&quot;size&quot;:150,&quot;sizes&quot;:[]},&quot;ideal_row_height_mobile&quot;:{&quot;unit&quot;:&quot;px&quot;,&quot;size&quot;:150,&quot;sizes&quot;:[]},&quot;gap&quot;:{&quot;unit&quot;:&quot;px&quot;,&quot;size&quot;:10,&quot;sizes&quot;:[]},&quot;gap_tablet&quot;:{&quot;unit&quot;:&quot;px&quot;,&quot;size&quot;:10,&quot;sizes&quot;:[]},&quot;gap_mobile&quot;:{&quot;unit&quot;:&quot;px&quot;,&quot;size&quot;:10,&quot;sizes&quot;:[]},&quot;link_to&quot;:&quot;file&quot;,&quot;overlay_background&quot;:&quot;yes&quot;,&quot;content_hover_animation&quot;:&quot;fade-in&quot;}\" data-widget_type=\"gallery.default\">\n\t\t\t\t<div class=\"elementor-widget-container\">\n\t\t\t\t\t<div class=\"elementor-gallery__container\">\n\t\t\t\t\t\t\t<a class=\"e-gallery-item elementor-gallery-item elementor-animated-content\" href=\"https:\/\/www.utez-celje.si\/newpage\/wp-content\/uploads\/2020\/03\/tracna_indikator-1.jpg\" data-elementor-open-lightbox=\"yes\" data-elementor-lightbox-slideshow=\"c888427\" data-elementor-lightbox-title=\"Tra\u010dne tehtnice, indikator\" data-elementor-lightbox-description=\"UTE\u017d, tehtnice za tehtanje na transportnem traku\" data-e-action-hash=\"#elementor-action%3Aaction%3Dlightbox%26settings%3DeyJpZCI6NzUxLCJ1cmwiOiJodHRwczpcL1wvd3d3LnV0ZXotY2VsamUuc2lcL25ld3BhZ2VcL3dwLWNvbnRlbnRcL3VwbG9hZHNcLzIwMjBcLzAzXC90cmFjbmFfaW5kaWthdG9yLTEuanBnIiwic2xpZGVzaG93IjoiYzg4ODQyNyJ9\">\n\t\t\t\t\t<div class=\"e-gallery-image elementor-gallery-item__image\" data-thumbnail=\"https:\/\/www.utez-celje.si\/newpage\/wp-content\/uploads\/2020\/03\/tracna_indikator-1-300x169.jpg\" data-width=\"300\" data-height=\"169\" aria-label=\"Tra\u010dne tehtnice, indikator,\" role=\"img\" ><\/div>\n\t\t\t\t\t\t\t\t\t\t\t<div class=\"elementor-gallery-item__overlay\"><\/div>\n\t\t\t\t\t\t\t\t\t\t\t\t\t\t<\/a>\n\t\t\t\t\t\t\t<a class=\"e-gallery-item elementor-gallery-item elementor-animated-content\" href=\"https:\/\/www.utez-celje.si\/newpage\/wp-content\/uploads\/2019\/11\/tt-mm2.jpg\" data-elementor-open-lightbox=\"yes\" data-elementor-lightbox-slideshow=\"c888427\" data-elementor-lightbox-title=\"Tehtnice za tehtanje na transportnem traku\" data-elementor-lightbox-description=\"UTE\u017d, Tehtnice za tehtanje na transportnem traku\" data-e-action-hash=\"#elementor-action%3Aaction%3Dlightbox%26settings%3DeyJpZCI6Mjk0LCJ1cmwiOiJodHRwczpcL1wvd3d3LnV0ZXotY2VsamUuc2lcL25ld3BhZ2VcL3dwLWNvbnRlbnRcL3VwbG9hZHNcLzIwMTlcLzExXC90dC1tbTIuanBnIiwic2xpZGVzaG93IjoiYzg4ODQyNyJ9\">\n\t\t\t\t\t<div class=\"e-gallery-image elementor-gallery-item__image\" data-thumbnail=\"https:\/\/www.utez-celje.si\/newpage\/wp-content\/uploads\/2019\/11\/tt-mm2.jpg\" data-width=\"298\" data-height=\"195\" aria-label=\"Tehtnice za tehtanje na transportnem traku,\" role=\"img\" ><\/div>\n\t\t\t\t\t\t\t\t\t\t\t<div class=\"elementor-gallery-item__overlay\"><\/div>\n\t\t\t\t\t\t\t\t\t\t\t\t\t\t<\/a>\n\t\t\t\t\t\t\t<a class=\"e-gallery-item elementor-gallery-item elementor-animated-content\" href=\"https:\/\/www.utez-celje.si\/newpage\/wp-content\/uploads\/2019\/11\/tt-mm3.jpg\" data-elementor-open-lightbox=\"yes\" data-elementor-lightbox-slideshow=\"c888427\" data-elementor-lightbox-title=\"tra\u010dne tehtnice,\" data-elementor-lightbox-description=\"UTE\u017d, tra\u010dne tehtnice,\" data-e-action-hash=\"#elementor-action%3Aaction%3Dlightbox%26settings%3DeyJpZCI6Mjk1LCJ1cmwiOiJodHRwczpcL1wvd3d3LnV0ZXotY2VsamUuc2lcL25ld3BhZ2VcL3dwLWNvbnRlbnRcL3VwbG9hZHNcLzIwMTlcLzExXC90dC1tbTMuanBnIiwic2xpZGVzaG93IjoiYzg4ODQyNyJ9\">\n\t\t\t\t\t<div class=\"e-gallery-image elementor-gallery-item__image\" data-thumbnail=\"https:\/\/www.utez-celje.si\/newpage\/wp-content\/uploads\/2019\/11\/tt-mm3.jpg\" data-width=\"299\" data-height=\"225\" aria-label=\"tra\u010dne tehtnice,\" role=\"img\" ><\/div>\n\t\t\t\t\t\t\t\t\t\t\t<div class=\"elementor-gallery-item__overlay\"><\/div>\n\t\t\t\t\t\t\t\t\t\t\t\t\t\t<\/a>\n\t\t\t\t\t\t\t<a class=\"e-gallery-item elementor-gallery-item elementor-animated-content\" href=\"https:\/\/www.utez-celje.si\/newpage\/wp-content\/uploads\/2019\/11\/tt-mm4.jpg\" data-elementor-open-lightbox=\"yes\" data-elementor-lightbox-slideshow=\"c888427\" data-elementor-lightbox-title=\"Tehtnice, tra\u010dne,\" data-elementor-lightbox-description=\"UTE\u017d,Tehtnice, tra\u010dne, \" data-e-action-hash=\"#elementor-action%3Aaction%3Dlightbox%26settings%3DeyJpZCI6Mjk2LCJ1cmwiOiJodHRwczpcL1wvd3d3LnV0ZXotY2VsamUuc2lcL25ld3BhZ2VcL3dwLWNvbnRlbnRcL3VwbG9hZHNcLzIwMTlcLzExXC90dC1tbTQuanBnIiwic2xpZGVzaG93IjoiYzg4ODQyNyJ9\">\n\t\t\t\t\t<div class=\"e-gallery-image elementor-gallery-item__image\" data-thumbnail=\"https:\/\/www.utez-celje.si\/newpage\/wp-content\/uploads\/2019\/11\/tt-mm4.jpg\" data-width=\"299\" data-height=\"225\" aria-label=\"Tehtnice, tra\u010dne,\" role=\"img\" ><\/div>\n\t\t\t\t\t\t\t\t\t\t\t<div class=\"elementor-gallery-item__overlay\"><\/div>\n\t\t\t\t\t\t\t\t\t\t\t\t\t\t<\/a>\n\t\t\t\t\t\t\t<a class=\"e-gallery-item elementor-gallery-item elementor-animated-content\" href=\"https:\/\/www.utez-celje.si\/newpage\/wp-content\/uploads\/2020\/03\/final_5e620ea2ef63920016a63247_405290.jpeg\" data-elementor-open-lightbox=\"yes\" data-elementor-lightbox-slideshow=\"c888427\" data-elementor-lightbox-title=\"Tehtnice za tehtanje na transportnem traku\" data-elementor-lightbox-description=\"UTE\u017d,Tehtnice za tehtanje na transportnem traku\" data-e-action-hash=\"#elementor-action%3Aaction%3Dlightbox%26settings%3DeyJpZCI6NjE1LCJ1cmwiOiJodHRwczpcL1wvd3d3LnV0ZXotY2VsamUuc2lcL25ld3BhZ2VcL3dwLWNvbnRlbnRcL3VwbG9hZHNcLzIwMjBcLzAzXC9maW5hbF81ZTYyMGVhMmVmNjM5MjAwMTZhNjMyNDdfNDA1MjkwLmpwZWciLCJzbGlkZXNob3ciOiJjODg4NDI3In0%3D\">\n\t\t\t\t\t<div class=\"e-gallery-image elementor-gallery-item__image\" data-thumbnail=\"https:\/\/www.utez-celje.si\/newpage\/wp-content\/uploads\/2020\/03\/final_5e620ea2ef63920016a63247_405290-300x154.jpeg\" data-width=\"300\" data-height=\"154\" aria-label=\"Tehtnice za tehtanje na transportnem traku,\" role=\"img\" ><\/div>\n\t\t\t\t\t\t\t\t\t\t\t<div class=\"elementor-gallery-item__overlay\"><\/div>\n\t\t\t\t\t\t\t\t\t\t\t\t\t\t<\/a>\n\t\t\t\t\t\t\t<a class=\"e-gallery-item elementor-gallery-item elementor-animated-content\" href=\"https:\/\/www.utez-celje.si\/newpage\/wp-content\/uploads\/2019\/11\/tt-mm6.jpg\" data-elementor-open-lightbox=\"yes\" data-elementor-lightbox-slideshow=\"c888427\" data-elementor-lightbox-title=\"tra\u010dne tehtnice\" data-elementor-lightbox-description=\"UTE\u017d, tra\u010dne tehtnice\" data-e-action-hash=\"#elementor-action%3Aaction%3Dlightbox%26settings%3DeyJpZCI6Mjk4LCJ1cmwiOiJodHRwczpcL1wvd3d3LnV0ZXotY2VsamUuc2lcL25ld3BhZ2VcL3dwLWNvbnRlbnRcL3VwbG9hZHNcLzIwMTlcLzExXC90dC1tbTYuanBnIiwic2xpZGVzaG93IjoiYzg4ODQyNyJ9\">\n\t\t\t\t\t<div class=\"e-gallery-image elementor-gallery-item__image\" data-thumbnail=\"https:\/\/www.utez-celje.si\/newpage\/wp-content\/uploads\/2019\/11\/tt-mm6.jpg\" data-width=\"299\" data-height=\"224\" aria-label=\"tra\u010dne tehtnice,\" role=\"img\" ><\/div>\n\t\t\t\t\t\t\t\t\t\t\t<div class=\"elementor-gallery-item__overlay\"><\/div>\n\t\t\t\t\t\t\t\t\t\t\t\t\t\t<\/a>\n\t\t\t\t\t\t\t<a class=\"e-gallery-item elementor-gallery-item elementor-animated-content\" href=\"https:\/\/www.utez-celje.si\/newpage\/wp-content\/uploads\/2020\/02\/omarici_1.jpg\" data-elementor-open-lightbox=\"yes\" data-elementor-lightbox-slideshow=\"c888427\" data-elementor-lightbox-title=\"Tra\u010dne tehtnice, omarica,\" data-elementor-lightbox-description=\"UTE\u017d, Tra\u010dne tehtnice, omarica, \" data-e-action-hash=\"#elementor-action%3Aaction%3Dlightbox%26settings%3DeyJpZCI6NDQwLCJ1cmwiOiJodHRwczpcL1wvd3d3LnV0ZXotY2VsamUuc2lcL25ld3BhZ2VcL3dwLWNvbnRlbnRcL3VwbG9hZHNcLzIwMjBcLzAyXC9vbWFyaWNpXzEuanBnIiwic2xpZGVzaG93IjoiYzg4ODQyNyJ9\">\n\t\t\t\t\t<div class=\"e-gallery-image elementor-gallery-item__image\" data-thumbnail=\"https:\/\/www.utez-celje.si\/newpage\/wp-content\/uploads\/2020\/02\/omarici_1.jpg\" data-width=\"299\" data-height=\"224\" aria-label=\"Tra\u010dne tehtnice, omarica,\" role=\"img\" ><\/div>\n\t\t\t\t\t\t\t\t\t\t\t<div class=\"elementor-gallery-item__overlay\"><\/div>\n\t\t\t\t\t\t\t\t\t\t\t\t\t\t<\/a>\n\t\t\t\t\t\t\t<a class=\"e-gallery-item elementor-gallery-item elementor-animated-content\" href=\"https:\/\/www.utez-celje.si\/newpage\/wp-content\/uploads\/2020\/02\/taho_1.jpg\" data-elementor-open-lightbox=\"yes\" data-elementor-lightbox-slideshow=\"c888427\" data-elementor-lightbox-title=\"tra\u010dne tehtnice, taho\" data-elementor-lightbox-description=\"UTE\u017d, tra\u010dne tehtnice, taho\" data-e-action-hash=\"#elementor-action%3Aaction%3Dlightbox%26settings%3DeyJpZCI6NDQxLCJ1cmwiOiJodHRwczpcL1wvd3d3LnV0ZXotY2VsamUuc2lcL25ld3BhZ2VcL3dwLWNvbnRlbnRcL3VwbG9hZHNcLzIwMjBcLzAyXC90YWhvXzEuanBnIiwic2xpZGVzaG93IjoiYzg4ODQyNyJ9\">\n\t\t\t\t\t<div class=\"e-gallery-image elementor-gallery-item__image\" data-thumbnail=\"https:\/\/www.utez-celje.si\/newpage\/wp-content\/uploads\/2020\/02\/taho_1.jpg\" data-width=\"299\" data-height=\"224\" aria-label=\"tra\u010dne tehtnice, taho,\" role=\"img\" ><\/div>\n\t\t\t\t\t\t\t\t\t\t\t<div class=\"elementor-gallery-item__overlay\"><\/div>\n\t\t\t\t\t\t\t\t\t\t\t\t\t\t<\/a>\n\t\t\t\t\t<\/div>\n\t\t\t<\/div>\n\t\t\t\t<\/div>\n\t\t\t\t<div class=\"elementor-element elementor-element-1709fcfb elementor-widget elementor-widget-text-editor\" data-id=\"1709fcfb\" data-element_type=\"widget\" data-widget_type=\"text-editor.default\">\n\t\t\t\t<div class=\"elementor-widget-container\">\n\t\t\t\t\t\t\t<p>Tra\u010dne tehtnico lahko vgradimo tako na stalne transportne poti, kot tudi na razne premi\u010dne drobilce oz. mobilne separacije, kot jim radi re\u010demo.\u00a0 Natan\u010dnost tehtanja je odvisna od okoli\u0161\u010din uporabe,\u00a0 tiste najbolj natan\u010dne pa tehtajo s odstopanjem 0,25 %. Dolo\u010dene izvedbe tra\u010dnih tehtnic se lahko uporabljajo kot zakonske, torej overjene tehtnice .\u00a0<\/p>\t\t\t\t\t\t<\/div>\n\t\t\t\t<\/div>\n\t\t\t\t\t<\/div>\n\t\t<\/div>\n\t\t\t\t\t<\/div>\n\t\t<\/section>\n\t\t\t\t<section class=\"elementor-section elementor-top-section elementor-element elementor-element-35fecc2f elementor-section-boxed elementor-section-height-default elementor-section-height-default\" data-id=\"35fecc2f\" data-element_type=\"section\" data-settings=\"{&quot;_ha_eqh_enable&quot;:false}\">\n\t\t\t\t\t\t<div class=\"elementor-container elementor-column-gap-default\">\n\t\t\t\t\t<div class=\"elementor-column elementor-col-100 elementor-top-column elementor-element elementor-element-25e19623\" data-id=\"25e19623\" data-element_type=\"column\">\n\t\t\t<div class=\"elementor-widget-wrap\">\n\t\t\t\t\t\t\t<\/div>\n\t\t<\/div>\n\t\t\t\t\t<\/div>\n\t\t<\/section>\n\t\t\t\t<section class=\"elementor-section elementor-top-section elementor-element elementor-element-54787880 elementor-section-content-middle elementor-section-boxed elementor-section-height-default elementor-section-height-default\" data-id=\"54787880\" data-element_type=\"section\" data-settings=\"{&quot;background_background&quot;:&quot;classic&quot;,&quot;_ha_eqh_enable&quot;:false}\">\n\t\t\t\t\t\t<div class=\"elementor-container elementor-column-gap-default\">\n\t\t\t\t\t<div class=\"elementor-column elementor-col-100 elementor-top-column elementor-element elementor-element-20b45172\" data-id=\"20b45172\" data-element_type=\"column\">\n\t\t\t<div class=\"elementor-widget-wrap elementor-element-populated\">\n\t\t\t\t\t\t<div class=\"elementor-element elementor-element-3ff9abcf elementor-widget elementor-widget-text-editor\" data-id=\"3ff9abcf\" data-element_type=\"widget\" data-widget_type=\"text-editor.default\">\n\t\t\t\t<div class=\"elementor-widget-container\">\n\t\t\t\t\t\t\t<p>Spremljanje delovanja z shranjevanjem \u010dasovnih okvirjev meritev v bazo, ter naknadno obdelavo podatkov.<\/p>\t\t\t\t\t\t<\/div>\n\t\t\t\t<\/div>\n\t\t\t\t\t<\/div>\n\t\t<\/div>\n\t\t\t\t\t<\/div>\n\t\t<\/section>\n\t\t\t\t<section class=\"elementor-section elementor-top-section elementor-element elementor-element-50ef36c6 elementor-section-stretched elementor-section-content-middle elementor-section-boxed elementor-section-height-default elementor-section-height-default\" data-id=\"50ef36c6\" data-element_type=\"section\" data-settings=\"{&quot;stretch_section&quot;:&quot;section-stretched&quot;,&quot;background_background&quot;:&quot;classic&quot;,&quot;_ha_eqh_enable&quot;:false}\">\n\t\t\t\t\t\t\t<div class=\"elementor-background-overlay\"><\/div>\n\t\t\t\t\t\t\t<div class=\"elementor-container elementor-column-gap-default\">\n\t\t\t\t\t<div class=\"elementor-column elementor-col-50 elementor-top-column elementor-element elementor-element-2c27ecf\" data-id=\"2c27ecf\" data-element_type=\"column\">\n\t\t\t<div class=\"elementor-widget-wrap elementor-element-populated\">\n\t\t\t\t\t\t<div class=\"elementor-element elementor-element-67d87751 elementor-widget elementor-widget-heading\" data-id=\"67d87751\" data-element_type=\"widget\" data-widget_type=\"heading.default\">\n\t\t\t\t<div class=\"elementor-widget-container\">\n\t\t\t<h4 class=\"elementor-heading-title elementor-size-default\">Potrebujete ve\u010d informacij?<\/h4>\t\t<\/div>\n\t\t\t\t<\/div>\n\t\t\t\t<div class=\"elementor-element elementor-element-7dd2d4bf elementor-widget-divider--view-line elementor-widget elementor-widget-divider\" data-id=\"7dd2d4bf\" data-element_type=\"widget\" data-widget_type=\"divider.default\">\n\t\t\t\t<div class=\"elementor-widget-container\">\n\t\t\t\t\t<div class=\"elementor-divider\">\n\t\t\t<span class=\"elementor-divider-separator\">\n\t\t\t\t\t\t<\/span>\n\t\t<\/div>\n\t\t\t\t<\/div>\n\t\t\t\t<\/div>\n\t\t\t\t<div class=\"elementor-element elementor-element-162e835b elementor-widget elementor-widget-heading\" data-id=\"162e835b\" data-element_type=\"widget\" data-widget_type=\"heading.default\">\n\t\t\t\t<div class=\"elementor-widget-container\">\n\t\t\t<div class=\"elementor-heading-title elementor-size-default\">kontaktirajte <b>nas<\/b><\/div>\t\t<\/div>\n\t\t\t\t<\/div>\n\t\t\t\t<div class=\"elementor-element elementor-element-7b06ba92 elementor-widget elementor-widget-text-editor\" data-id=\"7b06ba92\" data-element_type=\"widget\" data-widget_type=\"text-editor.default\">\n\t\t\t\t<div class=\"elementor-widget-container\">\n\t\t\t\t\t\t\t<p>z veseljem bomo odgovorili na va\u0161e vpra\u0161anje<\/p>\t\t\t\t\t\t<\/div>\n\t\t\t\t<\/div>\n\t\t\t\t\t<\/div>\n\t\t<\/div>\n\t\t\t\t<div class=\"elementor-column elementor-col-50 elementor-top-column elementor-element elementor-element-df2e2ce\" data-id=\"df2e2ce\" data-element_type=\"column\">\n\t\t\t<div class=\"elementor-widget-wrap elementor-element-populated\">\n\t\t\t\t\t\t<div class=\"elementor-element elementor-element-27759d07 elementor-align-right elementor-widget elementor-widget-button\" data-id=\"27759d07\" data-element_type=\"widget\" data-widget_type=\"button.default\">\n\t\t\t\t<div class=\"elementor-widget-container\">\n\t\t\t\t\t<div class=\"elementor-button-wrapper\">\n\t\t\t<a class=\"elementor-button elementor-button-link elementor-size-sm\" href=\"https:\/\/www.utez-celje.si\/newpage\/kontakt\/\">\n\t\t\t\t\t\t<span class=\"elementor-button-content-wrapper\">\n\t\t\t\t\t\t<span class=\"elementor-button-icon\">\n\t\t\t\t<i aria-hidden=\"true\" class=\"fas fa-arrow-right\"><\/i>\t\t\t<\/span>\n\t\t\t\t\t\t\t\t\t<span class=\"elementor-button-text\">KONTAKT<\/span>\n\t\t\t\t\t<\/span>\n\t\t\t\t\t<\/a>\n\t\t<\/div>\n\t\t\t\t<\/div>\n\t\t\t\t<\/div>\n\t\t\t\t\t<\/div>\n\t\t<\/div>\n\t\t\t\t\t<\/div>\n\t\t<\/section>\n\t\t\t\t<\/div>\n\t\t","protected":false},"excerpt":{"rendered":"<p>TRA\u010cNE TEHTNICE Tehtnice za tehtanje na transportnem traku Tra\u010dne tehtnice\u00a0 so\u00a0 zelo u\u010dinkovit, v\u010dasih pa tudi nepogre\u0161ljiv element merjenja\u00a0 pretokov materiala\u00a0 na raznih transportnih trakovih. V podjetju UTE\u017d, d.o.o. tra\u010dne tehtnice izdelujemo od leta 1988 ko smo za potrebe RTH iz Trbovelj izdelali prve tra\u010dne tehtnice. Tra\u010dne tehtnice, ki jih izdelamo in vgradimo na posami\u010den [&hellip;]<\/p>\n","protected":false},"author":1,"featured_media":0,"parent":0,"menu_order":0,"comment_status":"closed","ping_status":"closed","template":"elementor_header_footer","meta":{"_seopress_robots_primary_cat":"","_seopress_titles_title":"Tra\u010dne tehtnice %%sep%%Tehtnice za tehtanje na transportnem traku","_seopress_titles_desc":"Tra\u010dne tehtnice so zelo u\u010dinkovit, v\u010dasih pa tudi nepogre\u0161ljiv element merjenja pretokov materiala na raznih transportnih trakovih.  V podjetju UTE\u017d, d.o.o. tra\u010dne tehtnice izdelujemo od leta 1988, ko smo za potrebe RTH iz Trbovelj izdelali prve tra\u010dne tehtnice.","_seopress_robots_index":"","footnotes":""},"_links":{"self":[{"href":"https:\/\/www.utez-celje.si\/newpage\/wp-json\/wp\/v2\/pages\/492"}],"collection":[{"href":"https:\/\/www.utez-celje.si\/newpage\/wp-json\/wp\/v2\/pages"}],"about":[{"href":"https:\/\/www.utez-celje.si\/newpage\/wp-json\/wp\/v2\/types\/page"}],"author":[{"embeddable":true,"href":"https:\/\/www.utez-celje.si\/newpage\/wp-json\/wp\/v2\/users\/1"}],"replies":[{"embeddable":true,"href":"https:\/\/www.utez-celje.si\/newpage\/wp-json\/wp\/v2\/comments?post=492"}],"version-history":[{"count":18,"href":"https:\/\/www.utez-celje.si\/newpage\/wp-json\/wp\/v2\/pages\/492\/revisions"}],"predecessor-version":[{"id":976,"href":"https:\/\/www.utez-celje.si\/newpage\/wp-json\/wp\/v2\/pages\/492\/revisions\/976"}],"wp:attachment":[{"href":"https:\/\/www.utez-celje.si\/newpage\/wp-json\/wp\/v2\/media?parent=492"}],"curies":[{"name":"wp","href":"https:\/\/api.w.org\/{rel}","templated":true}]}}