{"id":470,"date":"2020-02-28T14:41:26","date_gmt":"2020-02-28T13:41:26","guid":{"rendered":"https:\/\/www.utez-celje.si\/newpage\/?page_id=470"},"modified":"2020-05-24T14:12:22","modified_gmt":"2020-05-24T12:12:22","slug":"programska-oprema","status":"publish","type":"page","link":"https:\/\/www.utez-celje.si\/newpage\/programska-oprema\/","title":{"rendered":"PROGRAMSKA OPREMA"},"content":{"rendered":"\t\t<div data-elementor-type=\"wp-page\" data-elementor-id=\"470\" class=\"elementor elementor-470\" data-elementor-post-type=\"page\">\n\t\t\t\t\t\t<section class=\"elementor-section elementor-top-section elementor-element elementor-element-41abe5e4 elementor-section-stretched elementor-section-height-min-height elementor-section-boxed elementor-section-height-default elementor-section-items-middle\" data-id=\"41abe5e4\" data-element_type=\"section\" data-settings=\"{&quot;stretch_section&quot;:&quot;section-stretched&quot;,&quot;background_background&quot;:&quot;classic&quot;,&quot;_ha_eqh_enable&quot;:false}\">\n\t\t\t\t\t\t\t<div class=\"elementor-background-overlay\"><\/div>\n\t\t\t\t\t\t\t<div class=\"elementor-container elementor-column-gap-default\">\n\t\t\t\t\t<div class=\"elementor-column elementor-col-100 elementor-top-column elementor-element elementor-element-4c28fb37\" data-id=\"4c28fb37\" data-element_type=\"column\">\n\t\t\t<div class=\"elementor-widget-wrap elementor-element-populated\">\n\t\t\t\t\t\t<div class=\"elementor-element elementor-element-2022e816 elementor-widget elementor-widget-heading\" data-id=\"2022e816\" data-element_type=\"widget\" data-widget_type=\"heading.default\">\n\t\t\t\t<div class=\"elementor-widget-container\">\n\t\t\t<h2 class=\"elementor-heading-title elementor-size-default\">PROGRAMSKA OPREMA<\/h2>\t\t<\/div>\n\t\t\t\t<\/div>\n\t\t\t\t\t<\/div>\n\t\t<\/div>\n\t\t\t\t\t<\/div>\n\t\t<\/section>\n\t\t\t\t<section class=\"elementor-section elementor-top-section elementor-element elementor-element-5a6140b7 elementor-section-boxed elementor-section-height-default elementor-section-height-default\" data-id=\"5a6140b7\" data-element_type=\"section\" data-settings=\"{&quot;_ha_eqh_enable&quot;:false}\">\n\t\t\t\t\t\t<div class=\"elementor-container elementor-column-gap-default\">\n\t\t\t\t\t<div class=\"elementor-column elementor-col-100 elementor-top-column elementor-element elementor-element-40f73d89\" data-id=\"40f73d89\" data-element_type=\"column\">\n\t\t\t<div class=\"elementor-widget-wrap elementor-element-populated\">\n\t\t\t\t\t\t<div class=\"elementor-element elementor-element-1e3a7430 elementor-widget elementor-widget-heading\" data-id=\"1e3a7430\" data-element_type=\"widget\" data-widget_type=\"heading.default\">\n\t\t\t\t<div class=\"elementor-widget-container\">\n\t\t\t<h2 class=\"elementor-heading-title elementor-size-default\">Samostojni razvoj programskih aplikacij po meri naro\u010dnika - kupca <\/h2>\t\t<\/div>\n\t\t\t\t<\/div>\n\t\t\t\t<div class=\"elementor-element elementor-element-6f974be4 elementor-widget-divider--view-line elementor-widget elementor-widget-divider\" data-id=\"6f974be4\" data-element_type=\"widget\" data-widget_type=\"divider.default\">\n\t\t\t\t<div class=\"elementor-widget-container\">\n\t\t\t\t\t<div class=\"elementor-divider\">\n\t\t\t<span class=\"elementor-divider-separator\">\n\t\t\t\t\t\t<\/span>\n\t\t<\/div>\n\t\t\t\t<\/div>\n\t\t\t\t<\/div>\n\t\t\t\t<div class=\"elementor-element elementor-element-6af3d9c0 elementor-widget elementor-widget-text-editor\" data-id=\"6af3d9c0\" data-element_type=\"widget\" data-widget_type=\"text-editor.default\">\n\t\t\t\t<div class=\"elementor-widget-container\">\n\t\t\t\t\t\t\t<p>Tehtanje je\u00a0 izjemno pomemben del mnogih procesov okrog nas. Najdemo ga tako reko\u010d v vseh dejavnostih, ki se odvijajo v na\u0161em vsakdanjiku. \u010ce je neko\u010d\u00a0 zadostovalo, da smo od\u010ditali podatek o te\u017ei in ga zapisali v nek obrazec, dana\u0161nja tehnologija zahteva od nas mnogo ve\u010d. Podatek o te\u017ei dobi pravo vrednost \u0161ele takrat, ko ga lahko uporabimo v mnogih drugih procesih. Seveda je pomembno, da so ti podatki na voljo takoj in na ve\u010d lokacijah. Vsak poslovni proces je druga\u010den in potrebe strank so posledi\u010dno zelo razli\u010dne. Skoraj nemogo\u010de je z eno re\u0161itvijo zadostiti vsem. Posledi\u010dno obstaja potreba po razvoju programskih aplikacij, ki so izdelane namensko za dolo\u010deno vrsto procesa in za dolo\u010denega kupca. V podjetju Ute\u017e, do.o. se tega dobro zavedamo, zato sami razvijamo\u00a0 programske aplikacije, ki jih na\u0161i kupci potrebujejo za u\u010dinkovito delovanje svojih meril mase.\u00a0 \u00a0 \u00a0<\/p>\t\t\t\t\t\t<\/div>\n\t\t\t\t<\/div>\n\t\t\t\t<section class=\"elementor-section elementor-inner-section elementor-element elementor-element-4e1abad5 elementor-section-boxed elementor-section-height-default elementor-section-height-default\" data-id=\"4e1abad5\" data-element_type=\"section\" data-settings=\"{&quot;_ha_eqh_enable&quot;:false}\">\n\t\t\t\t\t\t<div class=\"elementor-container elementor-column-gap-default\">\n\t\t\t\t\t<div class=\"elementor-column elementor-col-100 elementor-inner-column elementor-element elementor-element-15eae7ed\" data-id=\"15eae7ed\" data-element_type=\"column\">\n\t\t\t<div class=\"elementor-widget-wrap\">\n\t\t\t\t\t\t\t<\/div>\n\t\t<\/div>\n\t\t\t\t\t<\/div>\n\t\t<\/section>\n\t\t\t\t\t<\/div>\n\t\t<\/div>\n\t\t\t\t\t<\/div>\n\t\t<\/section>\n\t\t\t\t<section class=\"elementor-section elementor-top-section elementor-element elementor-element-20a825be elementor-section-stretched elementor-section-content-middle elementor-section-boxed elementor-section-height-default elementor-section-height-default\" data-id=\"20a825be\" data-element_type=\"section\" data-settings=\"{&quot;stretch_section&quot;:&quot;section-stretched&quot;,&quot;background_background&quot;:&quot;classic&quot;,&quot;_ha_eqh_enable&quot;:false}\">\n\t\t\t\t\t\t\t<div class=\"elementor-background-overlay\"><\/div>\n\t\t\t\t\t\t\t<div class=\"elementor-container elementor-column-gap-default\">\n\t\t\t\t\t<div class=\"elementor-column elementor-col-50 elementor-top-column elementor-element elementor-element-5d72f0a1\" data-id=\"5d72f0a1\" data-element_type=\"column\">\n\t\t\t<div class=\"elementor-widget-wrap elementor-element-populated\">\n\t\t\t\t\t\t<div class=\"elementor-element elementor-element-47ec37f5 elementor-widget elementor-widget-heading\" data-id=\"47ec37f5\" data-element_type=\"widget\" data-widget_type=\"heading.default\">\n\t\t\t\t<div class=\"elementor-widget-container\">\n\t\t\t<h4 class=\"elementor-heading-title elementor-size-default\">Potrebujete ve\u010d informacij?<\/h4>\t\t<\/div>\n\t\t\t\t<\/div>\n\t\t\t\t<div class=\"elementor-element elementor-element-3ca4fd78 elementor-widget-divider--view-line elementor-widget elementor-widget-divider\" data-id=\"3ca4fd78\" data-element_type=\"widget\" data-widget_type=\"divider.default\">\n\t\t\t\t<div class=\"elementor-widget-container\">\n\t\t\t\t\t<div class=\"elementor-divider\">\n\t\t\t<span class=\"elementor-divider-separator\">\n\t\t\t\t\t\t<\/span>\n\t\t<\/div>\n\t\t\t\t<\/div>\n\t\t\t\t<\/div>\n\t\t\t\t<div class=\"elementor-element elementor-element-1f93aa34 elementor-widget elementor-widget-heading\" data-id=\"1f93aa34\" data-element_type=\"widget\" data-widget_type=\"heading.default\">\n\t\t\t\t<div class=\"elementor-widget-container\">\n\t\t\t<div class=\"elementor-heading-title elementor-size-default\">kontaktirajte <b>nas<\/b><\/div>\t\t<\/div>\n\t\t\t\t<\/div>\n\t\t\t\t<div class=\"elementor-element elementor-element-4fd6a7e9 elementor-widget elementor-widget-text-editor\" data-id=\"4fd6a7e9\" data-element_type=\"widget\" data-widget_type=\"text-editor.default\">\n\t\t\t\t<div class=\"elementor-widget-container\">\n\t\t\t\t\t\t\t<p>z veseljem bomo odgovorili na va\u0161e vpra\u0161anje<\/p>\t\t\t\t\t\t<\/div>\n\t\t\t\t<\/div>\n\t\t\t\t\t<\/div>\n\t\t<\/div>\n\t\t\t\t<div class=\"elementor-column elementor-col-50 elementor-top-column elementor-element elementor-element-26ab3742\" data-id=\"26ab3742\" data-element_type=\"column\">\n\t\t\t<div class=\"elementor-widget-wrap elementor-element-populated\">\n\t\t\t\t\t\t<div class=\"elementor-element elementor-element-355c7537 elementor-align-right elementor-widget elementor-widget-button\" data-id=\"355c7537\" data-element_type=\"widget\" data-widget_type=\"button.default\">\n\t\t\t\t<div class=\"elementor-widget-container\">\n\t\t\t\t\t<div class=\"elementor-button-wrapper\">\n\t\t\t<a class=\"elementor-button elementor-button-link elementor-size-sm\" href=\"https:\/\/www.utez-celje.si\/newpage\/kontakt\/\">\n\t\t\t\t\t\t<span class=\"elementor-button-content-wrapper\">\n\t\t\t\t\t\t<span class=\"elementor-button-icon\">\n\t\t\t\t<i aria-hidden=\"true\" class=\"fas fa-arrow-right\"><\/i>\t\t\t<\/span>\n\t\t\t\t\t\t\t\t\t<span class=\"elementor-button-text\">KONTAKT<\/span>\n\t\t\t\t\t<\/span>\n\t\t\t\t\t<\/a>\n\t\t<\/div>\n\t\t\t\t<\/div>\n\t\t\t\t<\/div>\n\t\t\t\t\t<\/div>\n\t\t<\/div>\n\t\t\t\t\t<\/div>\n\t\t<\/section>\n\t\t\t\t<\/div>\n\t\t","protected":false},"excerpt":{"rendered":"<p>PROGRAMSKA OPREMA Samostojni razvoj programskih aplikacij po meri naro\u010dnika &#8211; kupca Tehtanje je&nbsp; izjemno pomemben del mnogih procesov okrog nas. Najdemo ga tako reko\u010d v vseh dejavnostih, ki se odvijajo v na\u0161em vsakdanjiku. \u010ce je neko\u010d&nbsp; zadostovalo, da smo od\u010ditali podatek o te\u017ei in ga zapisali v nek obrazec, dana\u0161nja tehnologija zahteva od nas mnogo [&hellip;]<\/p>\n","protected":false},"author":1,"featured_media":0,"parent":0,"menu_order":0,"comment_status":"closed","ping_status":"closed","template":"elementor_header_footer","meta":{"_seopress_robots_primary_cat":"","_seopress_titles_title":"Programska oprema %%sep%% %%sitetitle%%","_seopress_titles_desc":"Tehtanje je  izjemno pomemben del mnogih procesov okrog nas. Najdemo ga tako reko\u010d v vseh dejavnostih, ki se odvijajo v na\u0161em vsakdanjiku. \u010ce je neko\u010d  zadostovalo, da smo od\u010ditali podatek o te\u017ei in ga zapisali v nek obrazec, dana\u0161nja tehnologija zahteva od nas mnogo ve\u010d.","_seopress_robots_index":"","footnotes":""},"_links":{"self":[{"href":"https:\/\/www.utez-celje.si\/newpage\/wp-json\/wp\/v2\/pages\/470"}],"collection":[{"href":"https:\/\/www.utez-celje.si\/newpage\/wp-json\/wp\/v2\/pages"}],"about":[{"href":"https:\/\/www.utez-celje.si\/newpage\/wp-json\/wp\/v2\/types\/page"}],"author":[{"embeddable":true,"href":"https:\/\/www.utez-celje.si\/newpage\/wp-json\/wp\/v2\/users\/1"}],"replies":[{"embeddable":true,"href":"https:\/\/www.utez-celje.si\/newpage\/wp-json\/wp\/v2\/comments?post=470"}],"version-history":[{"count":28,"href":"https:\/\/www.utez-celje.si\/newpage\/wp-json\/wp\/v2\/pages\/470\/revisions"}],"predecessor-version":[{"id":933,"href":"https:\/\/www.utez-celje.si\/newpage\/wp-json\/wp\/v2\/pages\/470\/revisions\/933"}],"wp:attachment":[{"href":"https:\/\/www.utez-celje.si\/newpage\/wp-json\/wp\/v2\/media?parent=470"}],"curies":[{"name":"wp","href":"https:\/\/api.w.org\/{rel}","templated":true}]}}