{"id":356,"date":"2020-02-19T15:18:06","date_gmt":"2020-02-19T14:18:06","guid":{"rendered":"https:\/\/www.utez-celje.si\/newpage\/?page_id=356"},"modified":"2020-05-24T15:13:23","modified_gmt":"2020-05-24T13:13:23","slug":"zastopniski-program","status":"publish","type":"page","link":"https:\/\/www.utez-celje.si\/newpage\/zastopniski-program\/","title":{"rendered":"ZASTOPNI\u0160KI PROGRAM"},"content":{"rendered":"\t\t<div data-elementor-type=\"wp-page\" data-elementor-id=\"356\" class=\"elementor elementor-356\" data-elementor-post-type=\"page\">\n\t\t\t\t\t\t<section class=\"elementor-section elementor-top-section elementor-element elementor-element-41abe5e4 elementor-section-stretched elementor-section-height-min-height elementor-section-boxed elementor-section-height-default elementor-section-items-middle\" data-id=\"41abe5e4\" data-element_type=\"section\" data-settings=\"{&quot;stretch_section&quot;:&quot;section-stretched&quot;,&quot;background_background&quot;:&quot;classic&quot;,&quot;_ha_eqh_enable&quot;:false}\">\n\t\t\t\t\t\t\t<div class=\"elementor-background-overlay\"><\/div>\n\t\t\t\t\t\t\t<div class=\"elementor-container elementor-column-gap-default\">\n\t\t\t\t\t<div class=\"elementor-column elementor-col-100 elementor-top-column elementor-element elementor-element-4c28fb37\" data-id=\"4c28fb37\" data-element_type=\"column\">\n\t\t\t<div class=\"elementor-widget-wrap elementor-element-populated\">\n\t\t\t\t\t\t<div class=\"elementor-element elementor-element-2022e816 elementor-widget elementor-widget-heading\" data-id=\"2022e816\" data-element_type=\"widget\" data-widget_type=\"heading.default\">\n\t\t\t\t<div class=\"elementor-widget-container\">\n\t\t\t<h2 class=\"elementor-heading-title elementor-size-default\">ZASTOPNI\u0160KI PROGRAM<\/h2>\t\t<\/div>\n\t\t\t\t<\/div>\n\t\t\t\t\t<\/div>\n\t\t<\/div>\n\t\t\t\t\t<\/div>\n\t\t<\/section>\n\t\t\t\t<section class=\"elementor-section elementor-top-section elementor-element elementor-element-5a6140b7 elementor-section-boxed elementor-section-height-default elementor-section-height-default\" data-id=\"5a6140b7\" data-element_type=\"section\" data-settings=\"{&quot;_ha_eqh_enable&quot;:false}\">\n\t\t\t\t\t\t<div class=\"elementor-container elementor-column-gap-default\">\n\t\t\t\t\t<div class=\"elementor-column elementor-col-50 elementor-top-column elementor-element elementor-element-469ebba9\" data-id=\"469ebba9\" data-element_type=\"column\">\n\t\t\t<div class=\"elementor-widget-wrap elementor-element-populated\">\n\t\t\t\t\t\t<section class=\"elementor-section elementor-inner-section elementor-element elementor-element-15dfd254 elementor-section-boxed elementor-section-height-default elementor-section-height-default\" data-id=\"15dfd254\" data-element_type=\"section\" data-settings=\"{&quot;_ha_eqh_enable&quot;:false}\">\n\t\t\t\t\t\t<div class=\"elementor-container elementor-column-gap-default\">\n\t\t\t\t\t<div class=\"elementor-column elementor-col-100 elementor-inner-column elementor-element elementor-element-31f135e5\" data-id=\"31f135e5\" data-element_type=\"column\" data-settings=\"{&quot;background_background&quot;:&quot;classic&quot;}\">\n\t\t\t<div class=\"elementor-widget-wrap elementor-element-populated\">\n\t\t\t\t\t\t<div class=\"elementor-element elementor-element-1766d99e elementor-widget elementor-widget-heading\" data-id=\"1766d99e\" data-element_type=\"widget\" data-widget_type=\"heading.default\">\n\t\t\t\t<div class=\"elementor-widget-container\">\n\t\t\t<h3 class=\"elementor-heading-title elementor-size-default\">Potrebujete ve\u010d informacij ?<\/h3>\t\t<\/div>\n\t\t\t\t<\/div>\n\t\t\t\t<div class=\"elementor-element elementor-element-16edfedc elementor-widget elementor-widget-text-editor\" data-id=\"16edfedc\" data-element_type=\"widget\" data-widget_type=\"text-editor.default\">\n\t\t\t\t<div class=\"elementor-widget-container\">\n\t\t\t\t\t\t\t<p>kontaktirajte nas in z veseljem bomo odgovorili na va\u0161e vpra\u0161anje<br \/><br \/>Tel: +386 (3) 42-85-560<\/p>\t\t\t\t\t\t<\/div>\n\t\t\t\t<\/div>\n\t\t\t\t<div class=\"elementor-element elementor-element-263ad238 elementor-widget elementor-widget-button\" data-id=\"263ad238\" data-element_type=\"widget\" data-widget_type=\"button.default\">\n\t\t\t\t<div class=\"elementor-widget-container\">\n\t\t\t\t\t<div class=\"elementor-button-wrapper\">\n\t\t\t<a class=\"elementor-button elementor-button-link elementor-size-sm\" href=\"https:\/\/www.utez-celje.si\/newpage\/kontakt\/\">\n\t\t\t\t\t\t<span class=\"elementor-button-content-wrapper\">\n\t\t\t\t\t\t\t\t\t<span class=\"elementor-button-text\">Kontakt<\/span>\n\t\t\t\t\t<\/span>\n\t\t\t\t\t<\/a>\n\t\t<\/div>\n\t\t\t\t<\/div>\n\t\t\t\t<\/div>\n\t\t\t\t\t<\/div>\n\t\t<\/div>\n\t\t\t\t\t<\/div>\n\t\t<\/section>\n\t\t\t\t\t<\/div>\n\t\t<\/div>\n\t\t\t\t<div class=\"elementor-column elementor-col-50 elementor-top-column elementor-element elementor-element-40f73d89\" data-id=\"40f73d89\" data-element_type=\"column\">\n\t\t\t<div class=\"elementor-widget-wrap elementor-element-populated\">\n\t\t\t\t\t\t<div class=\"elementor-element elementor-element-1e3a7430 elementor-widget elementor-widget-heading\" data-id=\"1e3a7430\" data-element_type=\"widget\" data-widget_type=\"heading.default\">\n\t\t\t\t<div class=\"elementor-widget-container\">\n\t\t\t<h2 class=\"elementor-heading-title elementor-size-default\">Zastopni\u0161ki program<\/h2>\t\t<\/div>\n\t\t\t\t<\/div>\n\t\t\t\t<div class=\"elementor-element elementor-element-6f974be4 elementor-widget-divider--view-line elementor-widget elementor-widget-divider\" data-id=\"6f974be4\" data-element_type=\"widget\" data-widget_type=\"divider.default\">\n\t\t\t\t<div class=\"elementor-widget-container\">\n\t\t\t\t\t<div class=\"elementor-divider\">\n\t\t\t<span class=\"elementor-divider-separator\">\n\t\t\t\t\t\t<\/span>\n\t\t<\/div>\n\t\t\t\t<\/div>\n\t\t\t\t<\/div>\n\t\t\t\t<div class=\"elementor-element elementor-element-6af3d9c0 elementor-widget elementor-widget-text-editor\" data-id=\"6af3d9c0\" data-element_type=\"widget\" data-widget_type=\"text-editor.default\">\n\t\t\t\t<div class=\"elementor-widget-container\">\n\t\t\t\t\t\t\t<p>Z namenom, da \u010dim bolje zadovoljimo va\u0161im potrebam sodelujemo z nekaterimi priznanimi proizvajalci iz tujine:<\/p>\t\t\t\t\t\t<\/div>\n\t\t\t\t<\/div>\n\t\t\t\t<div class=\"elementor-element elementor-element-5dd46aa elementor-widget elementor-widget-text-editor\" data-id=\"5dd46aa\" data-element_type=\"widget\" data-widget_type=\"text-editor.default\">\n\t\t\t\t<div class=\"elementor-widget-container\">\n\t\t\t\t\t\t\t<ul>\n \t<li>RAVAS Tehtanje na vili\u010darjih<\/li>\n \t<li>THERMO FISHER SCIENTIFIC\u200b Kontrolne tehtnice , detektorji kovin , X RAY naprave<\/li>\n \t<li>OHAUS Precizne in laboratorijske tehtnice, tehtalne platforme<\/li>\n \t<li>ELICOM Tehtalne platforme<\/li>\n \t<li>CYPAG Senzorji vzvratne vo\u017enje za vili\u010darje<\/li>\n \t<li>MESOMATIC Merilni instrumenti za tehtnice<\/li>\n<\/ul>\t\t\t\t\t\t<\/div>\n\t\t\t\t<\/div>\n\t\t\t\t<div class=\"elementor-element elementor-element-3399e6d8 elementor-widget elementor-widget-spacer\" data-id=\"3399e6d8\" data-element_type=\"widget\" data-widget_type=\"spacer.default\">\n\t\t\t\t<div class=\"elementor-widget-container\">\n\t\t\t\t\t<div class=\"elementor-spacer\">\n\t\t\t<div class=\"elementor-spacer-inner\"><\/div>\n\t\t<\/div>\n\t\t\t\t<\/div>\n\t\t\t\t<\/div>\n\t\t\t\t<div class=\"elementor-element elementor-element-40f599d elementor-widget elementor-widget-text-editor\" data-id=\"40f599d\" data-element_type=\"widget\" data-widget_type=\"text-editor.default\">\n\t\t\t\t<div class=\"elementor-widget-container\">\n\t\t\t\t\t\t\t<p>V okviru vsakega od prodajnih programov vam nudimo prodajo novih izdelkov, servis in vzdr\u017eevanje vseh naprav iz nabora prodaje hkrati pa vam nudimo ustrezno pomo\u010d in svetovanje v iskanju najprimernej\u0161ih re\u0161itev za va\u0161e potrebe.<\/p><p>Velikokrat imajo na\u0161i kupci posebne zahteve, katerih ne moremo zadovoljiti s standardnimi proizvodi . V teh primerih ustrezen tehtalni sistem izdelamo sami ( LASTNA PROIZVODNJA )<\/p>\t\t\t\t\t\t<\/div>\n\t\t\t\t<\/div>\n\t\t\t\t\t<\/div>\n\t\t<\/div>\n\t\t\t\t\t<\/div>\n\t\t<\/section>\n\t\t\t\t<\/div>\n\t\t","protected":false},"excerpt":{"rendered":"<p>ZASTOPNI\u0160KI PROGRAM Potrebujete ve\u010d informacij ? kontaktirajte nas in z veseljem bomo odgovorili na va\u0161e vpra\u0161anje Tel: +386 (3) 42-85-560 Kontakt Zastopni\u0161ki program Z namenom, da \u010dim bolje zadovoljimo va\u0161im potrebam sodelujemo z nekaterimi priznanimi proizvajalci iz tujine: RAVAS Tehtanje na vili\u010darjih THERMO FISHER SCIENTIFIC\u200b Kontrolne tehtnice , detektorji kovin , X RAY naprave OHAUS [&hellip;]<\/p>\n","protected":false},"author":1,"featured_media":0,"parent":0,"menu_order":0,"comment_status":"closed","ping_status":"closed","template":"elementor_header_footer","meta":{"_seopress_robots_primary_cat":"","_seopress_titles_title":"ZASTOPNI\u0160KI PROGRAM %%sep%% %%sitetitle%%","_seopress_titles_desc":"Z namenom, da \u010dim bolje zadovoljimo va\u0161im potrebam sodelujemo z nekaterimi priznanimi proizvajalci iz tujine: RAVAS Tehtanje na vili\u010darjih. THERMO FISHER SCIENTIFIC\u200b Kontrolne tehtnice , detektorji kovin , X RAY naprave. OHAUS Precizne in laboratorijske tehtnice, tehtalne platforme. ELICOM Tehtalne platforme. CYPAG Senzorji vzvratne vo\u017enje za vili\u010darje. MESOMATIC Merilni instrumenti za tehtnice.\r\n","_seopress_robots_index":"","footnotes":""},"_links":{"self":[{"href":"https:\/\/www.utez-celje.si\/newpage\/wp-json\/wp\/v2\/pages\/356"}],"collection":[{"href":"https:\/\/www.utez-celje.si\/newpage\/wp-json\/wp\/v2\/pages"}],"about":[{"href":"https:\/\/www.utez-celje.si\/newpage\/wp-json\/wp\/v2\/types\/page"}],"author":[{"embeddable":true,"href":"https:\/\/www.utez-celje.si\/newpage\/wp-json\/wp\/v2\/users\/1"}],"replies":[{"embeddable":true,"href":"https:\/\/www.utez-celje.si\/newpage\/wp-json\/wp\/v2\/comments?post=356"}],"version-history":[{"count":10,"href":"https:\/\/www.utez-celje.si\/newpage\/wp-json\/wp\/v2\/pages\/356\/revisions"}],"predecessor-version":[{"id":949,"href":"https:\/\/www.utez-celje.si\/newpage\/wp-json\/wp\/v2\/pages\/356\/revisions\/949"}],"wp:attachment":[{"href":"https:\/\/www.utez-celje.si\/newpage\/wp-json\/wp\/v2\/media?parent=356"}],"curies":[{"name":"wp","href":"https:\/\/api.w.org\/{rel}","templated":true}]}}