{"id":349,"date":"2020-02-19T14:14:33","date_gmt":"2020-02-19T13:14:33","guid":{"rendered":"https:\/\/www.utez-celje.si\/newpage\/?page_id=349"},"modified":"2020-05-24T13:44:12","modified_gmt":"2020-05-24T11:44:12","slug":"kontrola-proizvodnjega-procesa","status":"publish","type":"page","link":"https:\/\/www.utez-celje.si\/newpage\/kontrola-proizvodnjega-procesa\/","title":{"rendered":"KONTROLA PROIZVODNEGA PROCESA"},"content":{"rendered":"\t\t<div data-elementor-type=\"wp-page\" data-elementor-id=\"349\" class=\"elementor elementor-349\" data-elementor-post-type=\"page\">\n\t\t\t\t\t\t<section class=\"elementor-section elementor-top-section elementor-element elementor-element-41abe5e4 elementor-section-stretched elementor-section-height-min-height elementor-section-boxed elementor-section-height-default elementor-section-items-middle\" data-id=\"41abe5e4\" data-element_type=\"section\" data-settings=\"{&quot;stretch_section&quot;:&quot;section-stretched&quot;,&quot;background_background&quot;:&quot;classic&quot;,&quot;_ha_eqh_enable&quot;:false}\">\n\t\t\t\t\t\t\t<div class=\"elementor-background-overlay\"><\/div>\n\t\t\t\t\t\t\t<div class=\"elementor-container elementor-column-gap-default\">\n\t\t\t\t\t<div class=\"elementor-column elementor-col-100 elementor-top-column elementor-element elementor-element-4c28fb37\" data-id=\"4c28fb37\" data-element_type=\"column\">\n\t\t\t<div class=\"elementor-widget-wrap elementor-element-populated\">\n\t\t\t\t\t\t<div class=\"elementor-element elementor-element-2022e816 elementor-widget elementor-widget-heading\" data-id=\"2022e816\" data-element_type=\"widget\" data-widget_type=\"heading.default\">\n\t\t\t\t<div class=\"elementor-widget-container\">\n\t\t\t<h2 class=\"elementor-heading-title elementor-size-default\">KONTROLA PROIZVODNEGA PROCESA<\/h2>\t\t<\/div>\n\t\t\t\t<\/div>\n\t\t\t\t\t<\/div>\n\t\t<\/div>\n\t\t\t\t\t<\/div>\n\t\t<\/section>\n\t\t\t\t<section class=\"elementor-section elementor-top-section elementor-element elementor-element-5a6140b7 elementor-section-boxed elementor-section-height-default elementor-section-height-default\" data-id=\"5a6140b7\" data-element_type=\"section\" data-settings=\"{&quot;_ha_eqh_enable&quot;:false}\">\n\t\t\t\t\t\t<div class=\"elementor-container elementor-column-gap-default\">\n\t\t\t\t\t<div class=\"elementor-column elementor-col-50 elementor-top-column elementor-element elementor-element-469ebba9\" data-id=\"469ebba9\" data-element_type=\"column\">\n\t\t\t<div class=\"elementor-widget-wrap elementor-element-populated\">\n\t\t\t\t\t\t<div class=\"elementor-element elementor-element-683ae91 elementor-widget elementor-widget-heading\" data-id=\"683ae91\" data-element_type=\"widget\" data-widget_type=\"heading.default\">\n\t\t\t\t<div class=\"elementor-widget-container\">\n\t\t\t<h2 class=\"elementor-heading-title elementor-size-small\">Merjenje v proizvodnih procesih<\/h2>\t\t<\/div>\n\t\t\t\t<\/div>\n\t\t\t\t<div class=\"elementor-element elementor-element-6819de9f elementor-widget-divider--view-line elementor-widget elementor-widget-divider\" data-id=\"6819de9f\" data-element_type=\"widget\" data-widget_type=\"divider.default\">\n\t\t\t\t<div class=\"elementor-widget-container\">\n\t\t\t\t\t<div class=\"elementor-divider\">\n\t\t\t<span class=\"elementor-divider-separator\">\n\t\t\t\t\t\t<\/span>\n\t\t<\/div>\n\t\t\t\t<\/div>\n\t\t\t\t<\/div>\n\t\t\t\t<div class=\"elementor-element elementor-element-c45cc04 elementor-icon-list--layout-traditional elementor-list-item-link-full_width elementor-widget elementor-widget-icon-list\" data-id=\"c45cc04\" data-element_type=\"widget\" data-widget_type=\"icon-list.default\">\n\t\t\t\t<div class=\"elementor-widget-container\">\n\t\t\t\t\t<ul class=\"elementor-icon-list-items\">\n\t\t\t\t\t\t\t<li class=\"elementor-icon-list-item\">\n\t\t\t\t\t\t\t\t\t\t\t<a href=\"#\">\n\n\t\t\t\t\t\t\t\t\t\t\t\t<span class=\"elementor-icon-list-icon\">\n\t\t\t\t\t\t\t<i aria-hidden=\"true\" class=\"fas fa-angle-double-right\"><\/i>\t\t\t\t\t\t<\/span>\n\t\t\t\t\t\t\t\t\t\t<span class=\"elementor-icon-list-text\">merjenje kosov med transportom z kontrolnimi tehtnicami<\/span>\n\t\t\t\t\t\t\t\t\t\t\t<\/a>\n\t\t\t\t\t\t\t\t\t<\/li>\n\t\t\t\t\t\t\t\t<li class=\"elementor-icon-list-item\">\n\t\t\t\t\t\t\t\t\t\t\t<a href=\"#\">\n\n\t\t\t\t\t\t\t\t\t\t\t\t<span class=\"elementor-icon-list-icon\">\n\t\t\t\t\t\t\t<i aria-hidden=\"true\" class=\"fas fa-angle-double-right\"><\/i>\t\t\t\t\t\t<\/span>\n\t\t\t\t\t\t\t\t\t\t<span class=\"elementor-icon-list-text\">\u0161tetje kosov med transportom  z kontrolnimi tehtnicami<\/span>\n\t\t\t\t\t\t\t\t\t\t\t<\/a>\n\t\t\t\t\t\t\t\t\t<\/li>\n\t\t\t\t\t\t\t\t<li class=\"elementor-icon-list-item\">\n\t\t\t\t\t\t\t\t\t\t\t<a href=\"#\">\n\n\t\t\t\t\t\t\t\t\t\t\t\t<span class=\"elementor-icon-list-icon\">\n\t\t\t\t\t\t\t<i aria-hidden=\"true\" class=\"fas fa-angle-double-right\"><\/i>\t\t\t\t\t\t<\/span>\n\t\t\t\t\t\t\t\t\t\t<span class=\"elementor-icon-list-text\">iskanje tujkov v izdelkih  z detektorji kovin<\/span>\n\t\t\t\t\t\t\t\t\t\t\t<\/a>\n\t\t\t\t\t\t\t\t\t<\/li>\n\t\t\t\t\t\t\t\t<li class=\"elementor-icon-list-item\">\n\t\t\t\t\t\t\t\t\t\t\t<a href=\"#\">\n\n\t\t\t\t\t\t\t\t\t\t\t\t<span class=\"elementor-icon-list-icon\">\n\t\t\t\t\t\t\t<i aria-hidden=\"true\" class=\"fas fa-angle-double-right\"><\/i>\t\t\t\t\t\t<\/span>\n\t\t\t\t\t\t\t\t\t\t<span class=\"elementor-icon-list-text\">iskanje tujkov v izdelkih  z X-Ray sistemom<\/span>\n\t\t\t\t\t\t\t\t\t\t\t<\/a>\n\t\t\t\t\t\t\t\t\t<\/li>\n\t\t\t\t\t\t\t\t<li class=\"elementor-icon-list-item\">\n\t\t\t\t\t\t\t\t\t\t\t<a href=\"#\">\n\n\t\t\t\t\t\t\t\t\t\t\t\t<span class=\"elementor-icon-list-icon\">\n\t\t\t\t\t\t\t<i aria-hidden=\"true\" class=\"fas fa-angle-double-right\"><\/i>\t\t\t\t\t\t<\/span>\n\t\t\t\t\t\t\t\t\t\t<span class=\"elementor-icon-list-text\">ustrezna poro\u010dila  o  dogajanju  na liniji  <\/span>\n\t\t\t\t\t\t\t\t\t\t\t<\/a>\n\t\t\t\t\t\t\t\t\t<\/li>\n\t\t\t\t\t\t<\/ul>\n\t\t\t\t<\/div>\n\t\t\t\t<\/div>\n\t\t\t\t<div class=\"elementor-element elementor-element-51018143 elementor-widget elementor-widget-spacer\" data-id=\"51018143\" data-element_type=\"widget\" data-widget_type=\"spacer.default\">\n\t\t\t\t<div class=\"elementor-widget-container\">\n\t\t\t\t\t<div class=\"elementor-spacer\">\n\t\t\t<div class=\"elementor-spacer-inner\"><\/div>\n\t\t<\/div>\n\t\t\t\t<\/div>\n\t\t\t\t<\/div>\n\t\t\t\t<section class=\"elementor-section elementor-inner-section elementor-element elementor-element-1c0604ca elementor-section-boxed elementor-section-height-default elementor-section-height-default\" data-id=\"1c0604ca\" data-element_type=\"section\" data-settings=\"{&quot;_ha_eqh_enable&quot;:false}\">\n\t\t\t\t\t\t<div class=\"elementor-container elementor-column-gap-default\">\n\t\t\t\t\t<div class=\"elementor-column elementor-col-100 elementor-inner-column elementor-element elementor-element-6eccd8d1\" data-id=\"6eccd8d1\" data-element_type=\"column\" data-settings=\"{&quot;background_background&quot;:&quot;classic&quot;}\">\n\t\t\t<div class=\"elementor-widget-wrap elementor-element-populated\">\n\t\t\t\t\t\t<div class=\"elementor-element elementor-element-532b942 elementor-widget elementor-widget-image\" data-id=\"532b942\" data-element_type=\"widget\" data-widget_type=\"image.default\">\n\t\t\t\t<div class=\"elementor-widget-container\">\n\t\t\t\t\t\t\t\t\t\t\t\t\t<img fetchpriority=\"high\" decoding=\"async\" width=\"312\" height=\"162\" src=\"https:\/\/www.utez-celje.si\/newpage\/wp-content\/uploads\/2020\/02\/kotrola-proizvodnjega-procesa.jpg\" class=\"attachment-large size-large wp-image-353\" alt=\"Kontrola proizvodnega procesa, Thermo Fisher,\" srcset=\"https:\/\/www.utez-celje.si\/newpage\/wp-content\/uploads\/2020\/02\/kotrola-proizvodnjega-procesa.jpg 312w, https:\/\/www.utez-celje.si\/newpage\/wp-content\/uploads\/2020\/02\/kotrola-proizvodnjega-procesa-300x156.jpg 300w\" sizes=\"(max-width: 312px) 100vw, 312px\" \/>\t\t\t\t\t\t\t\t\t\t\t\t\t<\/div>\n\t\t\t\t<\/div>\n\t\t\t\t\t<\/div>\n\t\t<\/div>\n\t\t\t\t\t<\/div>\n\t\t<\/section>\n\t\t\t\t<div class=\"elementor-element elementor-element-4e99b1be elementor-widget elementor-widget-spacer\" data-id=\"4e99b1be\" data-element_type=\"widget\" data-widget_type=\"spacer.default\">\n\t\t\t\t<div class=\"elementor-widget-container\">\n\t\t\t\t\t<div class=\"elementor-spacer\">\n\t\t\t<div class=\"elementor-spacer-inner\"><\/div>\n\t\t<\/div>\n\t\t\t\t<\/div>\n\t\t\t\t<\/div>\n\t\t\t\t<section class=\"elementor-section elementor-inner-section elementor-element elementor-element-15dfd254 elementor-section-boxed elementor-section-height-default elementor-section-height-default\" data-id=\"15dfd254\" data-element_type=\"section\" data-settings=\"{&quot;_ha_eqh_enable&quot;:false}\">\n\t\t\t\t\t\t<div class=\"elementor-container elementor-column-gap-default\">\n\t\t\t\t\t<div class=\"elementor-column elementor-col-100 elementor-inner-column elementor-element elementor-element-31f135e5\" data-id=\"31f135e5\" data-element_type=\"column\" data-settings=\"{&quot;background_background&quot;:&quot;classic&quot;}\">\n\t\t\t<div class=\"elementor-widget-wrap elementor-element-populated\">\n\t\t\t\t\t\t<div class=\"elementor-element elementor-element-1766d99e elementor-widget elementor-widget-heading\" data-id=\"1766d99e\" data-element_type=\"widget\" data-widget_type=\"heading.default\">\n\t\t\t\t<div class=\"elementor-widget-container\">\n\t\t\t<h3 class=\"elementor-heading-title elementor-size-default\">Potrebujete ve\u010d informacij ?<\/h3>\t\t<\/div>\n\t\t\t\t<\/div>\n\t\t\t\t<div class=\"elementor-element elementor-element-16edfedc elementor-widget elementor-widget-text-editor\" data-id=\"16edfedc\" data-element_type=\"widget\" data-widget_type=\"text-editor.default\">\n\t\t\t\t<div class=\"elementor-widget-container\">\n\t\t\t\t\t\t\t<p>kontaktirajte nas in z veseljem bomo odgovorili na va\u0161e vpra\u0161anje<\/p><p>Tel: +386 (3) 428 55 60<\/p>\t\t\t\t\t\t<\/div>\n\t\t\t\t<\/div>\n\t\t\t\t<div class=\"elementor-element elementor-element-263ad238 elementor-widget elementor-widget-button\" data-id=\"263ad238\" data-element_type=\"widget\" data-widget_type=\"button.default\">\n\t\t\t\t<div class=\"elementor-widget-container\">\n\t\t\t\t\t<div class=\"elementor-button-wrapper\">\n\t\t\t<a class=\"elementor-button elementor-button-link elementor-size-sm\" href=\"https:\/\/www.utez-celje.si\/newpage\/kontakt\/\">\n\t\t\t\t\t\t<span class=\"elementor-button-content-wrapper\">\n\t\t\t\t\t\t\t\t\t<span class=\"elementor-button-text\">Kontakt<\/span>\n\t\t\t\t\t<\/span>\n\t\t\t\t\t<\/a>\n\t\t<\/div>\n\t\t\t\t<\/div>\n\t\t\t\t<\/div>\n\t\t\t\t\t<\/div>\n\t\t<\/div>\n\t\t\t\t\t<\/div>\n\t\t<\/section>\n\t\t\t\t\t<\/div>\n\t\t<\/div>\n\t\t\t\t<div class=\"elementor-column elementor-col-50 elementor-top-column elementor-element elementor-element-40f73d89\" data-id=\"40f73d89\" data-element_type=\"column\">\n\t\t\t<div class=\"elementor-widget-wrap elementor-element-populated\">\n\t\t\t\t\t\t<div class=\"elementor-element elementor-element-1e3a7430 elementor-widget elementor-widget-heading\" data-id=\"1e3a7430\" data-element_type=\"widget\" data-widget_type=\"heading.default\">\n\t\t\t\t<div class=\"elementor-widget-container\">\n\t\t\t<h2 class=\"elementor-heading-title elementor-size-default\">KONTROLA  PROIZVODNEGA PROCESA  - TEHTANJE, ISKANJE TUJKOV  V IZDELKIH<\/h2>\t\t<\/div>\n\t\t\t\t<\/div>\n\t\t\t\t<div class=\"elementor-element elementor-element-6f974be4 elementor-widget-divider--view-line elementor-widget elementor-widget-divider\" data-id=\"6f974be4\" data-element_type=\"widget\" data-widget_type=\"divider.default\">\n\t\t\t\t<div class=\"elementor-widget-container\">\n\t\t\t\t\t<div class=\"elementor-divider\">\n\t\t\t<span class=\"elementor-divider-separator\">\n\t\t\t\t\t\t<\/span>\n\t\t<\/div>\n\t\t\t\t<\/div>\n\t\t\t\t<\/div>\n\t\t\t\t<div class=\"elementor-element elementor-element-6af3d9c0 elementor-widget elementor-widget-text-editor\" data-id=\"6af3d9c0\" data-element_type=\"widget\" data-widget_type=\"text-editor.default\">\n\t\t\t\t<div class=\"elementor-widget-container\">\n\t\t\t\t\t\t\t<p>Tehtanje oziroma merjenje\u00a0 v\u00a0 proizvodnih procesih je izjemno pomemben del le teh. V odvisnosti\u00a0 od\u00a0\u00a0 vrste izdelka so seveda te metode in z njimi povezane naprave zelo raznolike.<\/p><p>V dolo\u010denih primerih tako merjenje , \u0161tetje kosov ipd izvedemo med transportom polizdelkov , izdelkov od ene proizvodne faze do druge.<\/p><p>Izdelke , kjer se celoten proizvodni proces odvija na linijah , pa lahko preverjamo tudi s t.i.\u00a0 kontrolnimi tehtnicami. Tipi\u010den primer so razni prehrambeni izdelki, ki so pakirani v neki embala\u017ei in morajo imeti\u00a0 dolo\u010deno te\u017eo. Tehtnice so vgrajene v proizvodne linije in v kombinacji s izmetnimi napravami izlo\u010dajo\u00a0\u00a0\u00a0 hibne izdelke (izdelke, ki so prete\u017eki ali prelahki), hkrati pa sistem generira tudi ustrezna poro\u010dila\u00a0 o\u00a0 dogajanju na liniji (\u0161tevilo hibnih izdelkov\u00a0 ipd).\u00a0 Naslednji zelo pomemben podatek je ta, da kontrolne tehtnice ne zaustavljajo proizvodnje. Merjenje namre\u010d izvajajo med normalnim delovanjem linije.<\/p><p><b>Zelo pomemben dejavnik pa predstavlja iskanje tujkov v izdelkih (predvsem hrani). Pri pridelavi in predelavi hrane, vedno obstaja mo\u017enost, da se vanje prikrade tujek, ki prestavlja nevarnost za zdravje ljudi ali kakovost izdelka nasploh.<\/b><\/p><p>\u00a0<\/p><p>Mo\u017enosti iskanja tujkov v hrani je ve\u010d :<\/p><p>Prva mo\u017enost so t.i. METAL DETEKTORJI oz. detektorji kovin. Namenjeni so iskanju kovinskih delcev v\u00a0 izdelkov.<\/p><p>Ker uporabljamo vedno ve\u010d nekovinskih materialov, je uporabnost detektorjev kovin omejena.<\/p><p>Naprave, ki so v hrani sposobne odkriti tudi nekovinske delce so t.i. X- RAY naprave, ki lahko odkrijejo\u00a0 ve\u010dino tujkov. Naprava je neke vrste rentgen, vendar z svojo mo\u010djo in izvedbo ne predstavlja nevarnosti\u00a0 za ljudi in hrano .<\/p>\t\t\t\t\t\t<\/div>\n\t\t\t\t<\/div>\n\t\t\t\t<div class=\"elementor-element elementor-element-3399e6d8 elementor-widget elementor-widget-spacer\" data-id=\"3399e6d8\" data-element_type=\"widget\" data-widget_type=\"spacer.default\">\n\t\t\t\t<div class=\"elementor-widget-container\">\n\t\t\t\t\t<div class=\"elementor-spacer\">\n\t\t\t<div class=\"elementor-spacer-inner\"><\/div>\n\t\t<\/div>\n\t\t\t\t<\/div>\n\t\t\t\t<\/div>\n\t\t\t\t<div class=\"elementor-element elementor-element-7ae8062a elementor-widget elementor-widget-heading\" data-id=\"7ae8062a\" data-element_type=\"widget\" data-widget_type=\"heading.default\">\n\t\t\t\t<div class=\"elementor-widget-container\">\n\t\t\t<h2 class=\"elementor-heading-title elementor-size-default\">Sodelovanje s podjetjem THERMO FISHER SCIENTIFIC\u200b<\/h2>\t\t<\/div>\n\t\t\t\t<\/div>\n\t\t\t\t<div class=\"elementor-element elementor-element-6e3da2eb elementor-widget-divider--view-line elementor-widget elementor-widget-divider\" data-id=\"6e3da2eb\" data-element_type=\"widget\" data-widget_type=\"divider.default\">\n\t\t\t\t<div class=\"elementor-widget-container\">\n\t\t\t\t\t<div class=\"elementor-divider\">\n\t\t\t<span class=\"elementor-divider-separator\">\n\t\t\t\t\t\t<\/span>\n\t\t<\/div>\n\t\t\t\t<\/div>\n\t\t\t\t<\/div>\n\t\t\t\t<section class=\"elementor-section elementor-inner-section elementor-element elementor-element-4c0d8e20 elementor-section-boxed elementor-section-height-default elementor-section-height-default\" data-id=\"4c0d8e20\" data-element_type=\"section\" data-settings=\"{&quot;background_background&quot;:&quot;classic&quot;,&quot;_ha_eqh_enable&quot;:false}\">\n\t\t\t\t\t\t<div class=\"elementor-container elementor-column-gap-default\">\n\t\t\t\t\t<div class=\"elementor-column elementor-col-100 elementor-inner-column elementor-element elementor-element-2fe988d0\" data-id=\"2fe988d0\" data-element_type=\"column\">\n\t\t\t<div class=\"elementor-widget-wrap elementor-element-populated\">\n\t\t\t\t\t\t<div class=\"elementor-element elementor-element-47110161 elementor-widget elementor-widget-text-editor\" data-id=\"47110161\" data-element_type=\"widget\" data-widget_type=\"text-editor.default\">\n\t\t\t\t<div class=\"elementor-widget-container\">\n\t\t\t\t\t\t\t<p><strong>V sodelovanju s podjetjem THERMO FISHER SCIENTIFIC vam lahko ponudimo tako visoko zmogljive\u00a0 kontrolne tehtnice, kot tudi detektorje kovin in X-Ray sisteme<br \/><\/strong><\/p>\t\t\t\t\t\t<\/div>\n\t\t\t\t<\/div>\n\t\t\t\t\t<\/div>\n\t\t<\/div>\n\t\t\t\t\t<\/div>\n\t\t<\/section>\n\t\t\t\t\t<\/div>\n\t\t<\/div>\n\t\t\t\t\t<\/div>\n\t\t<\/section>\n\t\t\t\t<\/div>\n\t\t","protected":false},"excerpt":{"rendered":"<p>KONTROLA PROIZVODNEGA PROCESA Merjenje v proizvodnih procesih merjenje kosov med transportom z kontrolnimi tehtnicami \u0161tetje kosov med transportom z kontrolnimi tehtnicami iskanje tujkov v izdelkih z detektorji kovin iskanje tujkov v izdelkih z X-Ray sistemom ustrezna poro\u010dila o dogajanju na liniji Potrebujete ve\u010d informacij ? kontaktirajte nas in z veseljem bomo odgovorili na va\u0161e vpra\u0161anje [&hellip;]<\/p>\n","protected":false},"author":1,"featured_media":0,"parent":0,"menu_order":0,"comment_status":"closed","ping_status":"closed","template":"elementor_header_footer","meta":{"_seopress_robots_primary_cat":"","_seopress_titles_title":"Kontrola proizvodnega procesa %%sep%% %%sitetitle%%","_seopress_titles_desc":"Tehtanje oziroma merjenje  v  proizvodnih procesih je izjemno pomemben del le teh. V odvisnosti  od   vrste izdelka so seveda te metode in z njimi povezane naprave zelo raznolike. V dolo\u010denih primerih tako merjenje , \u0161tetje kosov ipd izvedemo med transportom polizdelkov , izdelkov od ene proizvodne faze do druge.","_seopress_robots_index":"","footnotes":""},"_links":{"self":[{"href":"https:\/\/www.utez-celje.si\/newpage\/wp-json\/wp\/v2\/pages\/349"}],"collection":[{"href":"https:\/\/www.utez-celje.si\/newpage\/wp-json\/wp\/v2\/pages"}],"about":[{"href":"https:\/\/www.utez-celje.si\/newpage\/wp-json\/wp\/v2\/types\/page"}],"author":[{"embeddable":true,"href":"https:\/\/www.utez-celje.si\/newpage\/wp-json\/wp\/v2\/users\/1"}],"replies":[{"embeddable":true,"href":"https:\/\/www.utez-celje.si\/newpage\/wp-json\/wp\/v2\/comments?post=349"}],"version-history":[{"count":16,"href":"https:\/\/www.utez-celje.si\/newpage\/wp-json\/wp\/v2\/pages\/349\/revisions"}],"predecessor-version":[{"id":926,"href":"https:\/\/www.utez-celje.si\/newpage\/wp-json\/wp\/v2\/pages\/349\/revisions\/926"}],"wp:attachment":[{"href":"https:\/\/www.utez-celje.si\/newpage\/wp-json\/wp\/v2\/media?parent=349"}],"curies":[{"name":"wp","href":"https:\/\/api.w.org\/{rel}","templated":true}]}}