{"id":1218,"date":"2022-01-12T18:56:09","date_gmt":"2022-01-12T17:56:09","guid":{"rendered":"https:\/\/www.utez-celje.si\/newpage\/?page_id=1218"},"modified":"2023-06-14T10:08:48","modified_gmt":"2023-06-14T08:08:48","slug":"cookie-policy","status":"publish","type":"page","link":"https:\/\/www.utez-celje.si\/newpage\/cookie-policy\/","title":{"rendered":"Cookie Policy"},"content":{"rendered":"\t\t<div data-elementor-type=\"wp-page\" data-elementor-id=\"1218\" class=\"elementor elementor-1218\" data-elementor-post-type=\"page\">\n\t\t\t\t\t\t<section class=\"elementor-section elementor-top-section elementor-element elementor-element-4165c1cb elementor-section-boxed elementor-section-height-default elementor-section-height-default\" data-id=\"4165c1cb\" data-element_type=\"section\" data-settings=\"{&quot;_ha_eqh_enable&quot;:false}\">\n\t\t\t\t\t\t<div class=\"elementor-container elementor-column-gap-default\">\n\t\t\t\t\t<div class=\"elementor-column elementor-col-100 elementor-top-column elementor-element elementor-element-1757f68e\" data-id=\"1757f68e\" data-element_type=\"column\">\n\t\t\t<div class=\"elementor-widget-wrap elementor-element-populated\">\n\t\t\t\t\t\t<div class=\"elementor-element elementor-element-393f0a39 elementor-widget elementor-widget-text-editor\" data-id=\"393f0a39\" data-element_type=\"widget\" data-widget_type=\"text-editor.default\">\n\t\t\t\t<div class=\"elementor-widget-container\">\n\t\t\t\t\t\t\t<h3>Politika spletnih pi\u0161kotkov<\/h3>\n<p>Da bi vam olaj\u0161ali uporabo na\u0161e spletne strani in jo naredili bolj prijetno, uporabljamo \u00bbpi\u0161kotke\u00ab. Pi\u0161kotki so majhne podatkovne enote, ki nam omogo\u010dajo primerjavo novih in predhodnih obiskovalcev, razumevanje, kako uporabljajo na\u0161o stran. Posredujejo nam podatke, s katerimi lahko naredimo prihodnji obisk spletne strani bolj prijeten in u\u010dinkovit. \u010ce ne \u017eelite uporabljati pi\u0161kotkov, nastavite svoj ra\u010dunalnik tako, da izbri\u0161e vse pi\u0161kotke spletnih strani in\/ali vas opozori, preden se pi\u0161kotek shrani na disk. \u010ce ne \u017eelite spremeniti uporabe pi\u0161kotkov, preprosto nadaljujte na spletno stran.<br>Za ve\u010d informacij o pi\u0161kotkih in njihovem vplivu na www.aboutcookies.org.<\/p>\n<h3>Katere vrste pi\u0161kotkov uporabljamo?<\/h3>\n<div>\n<p>Nujni\/obvezni: Ti pi\u0161kotki so nujni za premikanje po spletni strani in uporabo njenih mo\u017enosti, kot je dostop do varnih obmo\u010dij spletne strani. Brez teh pi\u0161kotkov ni mo\u017eno zagotoviti storitev, ki ste jih zahtevali, npr. obrazca za naro\u010dilo.<\/p>\n<p>Izvedbeni pi\u0161kotki<br>Ti pi\u0161kotki zbirajo informacije o na\u010dinu uporabe spletne strani, npr. katere strani uporabniki najpogosteje obi\u0161\u010dejo, in \u010de se na spletnih straneh pojavijo sporo\u010dila o napaki. Ti pi\u0161kotki ne zbirajo informacij, ki bi lahko identificirale uporabnika. Vse zbrane informacije so zdru\u017eene in anonimne. Ti pi\u0161kotki se uporabljajo samo za izbolj\u0161anje delovanja spletne strani.<br>Z nadaljevanjem uporabe na\u0161e spletne strani po tem, ko ste dobili obvestilo o pi\u0161kotkih se strinjate, da na va\u0161o napravo namestimo to vrsto pi\u0161kotkov.<\/p>\n<p>Funkcionalni: To so pi\u0161kotki, ki pomagajo pri nekaterih nebistvenih funkcijah na na\u0161em spletnem mestu. Te funkcije vklju\u010dujejo vdelavo vsebine, kot so videoposnetki, ali deljenje vsebine spletnega mesta na platformah dru\u017ebenih medijev.<\/p>\n<p>Funkcionalni pi\u0161kotki<br>Ti pi\u0161kotki omogo\u010dajo, da si spletna stran zapomni va\u0161e izbrane mo\u017enosti (npr.&nbsp; va\u0161e uporabni\u0161ko ime, jezik ali regijo, kjer se nahajate) in vam ponudi izbolj\u0161ane, bolj osebne mo\u017enosti. Ti pi\u0161kotki si lahko zapomnijo tudi spremembe velikosti \u010drk in pisave ter drugih delov spletne strani, ki jih lahko prilagodite. Uporabni so tudi za zagotavljanje storitev, ki ste jih zahtevali, kot je ogled videoposnetka ali komentiranje na blogu. Informacije, ki jih zbirajo ti pi\u0161kotki, so lahko anonimne in ne sledijo va\u0161emu brskanju po drugih spletnih straneh.<\/p>\n<p>Z nadaljevanjem uporabe na\u0161e spletne strani po tem, ko ste dobili obvestilo o pi\u0161kotkih se strinjate, da na va\u0161o napravo namestimo to vrsto pi\u0161kotkov.<\/p>\n<p>seznam pi\u0161kotkov na na\u0161i spletni strani:<\/p><table class=\"cookielawinfo-row-cat-table cookielawinfo-classic\"><thead><tr><th class=\"cookielawinfo-column-1\">Pi\u0161kotek<\/th><th class=\"cookielawinfo-column-4\">Opis<\/th><\/tr><\/thead><tbody><tr class=\"cookielawinfo-row\"><td class=\"cookielawinfo-column-1\">_ga<\/td><td class=\"cookielawinfo-column-4\">The _ga cookie, installed by Google Analytics, calculates visitor, session and campaign data and also keeps track of site usage for the site&#8217;s analytics report. The cookie stores information anonymously and assigns a randomly generated number to recognize unique visitors.<\/td><\/tr><tr class=\"cookielawinfo-row\"><td class=\"cookielawinfo-column-1\">_gid<\/td><td class=\"cookielawinfo-column-4\">Installed by Google Analytics, _gid cookie stores information on how visitors use a website, while also creating an analytics report of the website&#8217;s performance. Some of the data that are collected include the number of visitors, their source, and the pages they visit anonymously.<\/td><\/tr><tr class=\"cookielawinfo-row\"><td class=\"cookielawinfo-column-1\">CONSENT<\/td><td class=\"cookielawinfo-column-4\">YouTube sets this cookie via embedded youtube-videos and registers anonymous statistical data.<\/td><\/tr><tr class=\"cookielawinfo-row\"><td class=\"cookielawinfo-column-1\">cookielawinfo-checkbox-advertisement<\/td><td class=\"cookielawinfo-column-4\">Set by the GDPR Cookie Consent plugin, this cookie is used to record the user consent for the cookies in the &#8220;Advertisement&#8221; category .<\/td><\/tr><tr class=\"cookielawinfo-row\"><td class=\"cookielawinfo-column-1\">cookielawinfo-checkbox-analytics<\/td><td class=\"cookielawinfo-column-4\">This cookie is set by GDPR Cookie Consent plugin. The cookie is used to store the user consent for the cookies in the category &#8220;Analytics&#8221;.<\/td><\/tr><tr class=\"cookielawinfo-row\"><td class=\"cookielawinfo-column-1\">cookielawinfo-checkbox-functional<\/td><td class=\"cookielawinfo-column-4\">The cookie is set by GDPR cookie consent to record the user consent for the cookies in the category &#8220;Functional&#8221;.<\/td><\/tr><tr class=\"cookielawinfo-row\"><td class=\"cookielawinfo-column-1\">cookielawinfo-checkbox-necessary<\/td><td class=\"cookielawinfo-column-4\">This cookie is set by GDPR Cookie Consent plugin. The cookies is used to store the user consent for the cookies in the category &#8220;Necessary&#8221;.<\/td><\/tr><tr class=\"cookielawinfo-row\"><td class=\"cookielawinfo-column-1\">cookielawinfo-checkbox-others<\/td><td class=\"cookielawinfo-column-4\">This cookie is set by GDPR Cookie Consent plugin. The cookie is used to store the user consent for the cookies in the category &#8220;Other.<\/td><\/tr><tr class=\"cookielawinfo-row\"><td class=\"cookielawinfo-column-1\">cookielawinfo-checkbox-performance<\/td><td class=\"cookielawinfo-column-4\">This cookie is set by GDPR Cookie Consent plugin. The cookie is used to store the user consent for the cookies in the category &#8220;Performance&#8221;.<\/td><\/tr><tr class=\"cookielawinfo-row\"><td class=\"cookielawinfo-column-1\">CookieLawInfoConsent<\/td><td class=\"cookielawinfo-column-4\">Records the default button state of the corresponding category &amp; the status of CCPA. It works only in coordination with the primary cookie.<\/td><\/tr><tr class=\"cookielawinfo-row\"><td class=\"cookielawinfo-column-1\">elementor<\/td><td class=\"cookielawinfo-column-4\">This cookie is used by the website&#8217;s WordPress theme. It allows the website owner to implement or change the website&#8217;s content in real-time.<\/td><\/tr><tr class=\"cookielawinfo-row\"><td class=\"cookielawinfo-column-1\">viewed_cookie_policy<\/td><td class=\"cookielawinfo-column-4\">The cookie is set by the GDPR Cookie Consent plugin and is used to store whether or not user has consented to the use of cookies. It does not store any personal data.<\/td><\/tr><tr class=\"cookielawinfo-row\"><td class=\"cookielawinfo-column-1\">VISITOR_INFO1_LIVE<\/td><td class=\"cookielawinfo-column-4\">A cookie set by YouTube to measure bandwidth that determines whether the user gets the new or old player interface.<\/td><\/tr><tr class=\"cookielawinfo-row\"><td class=\"cookielawinfo-column-1\">YSC<\/td><td class=\"cookielawinfo-column-4\">YSC cookie is set by Youtube and is used to track the views of embedded videos on Youtube pages.<\/td><\/tr><tr class=\"cookielawinfo-row\"><td class=\"cookielawinfo-column-1\">yt-remote-connected-devices<\/td><td class=\"cookielawinfo-column-4\">YouTube sets this cookie to store the video preferences of the user using embedded YouTube video.<\/td><\/tr><tr class=\"cookielawinfo-row\"><td class=\"cookielawinfo-column-1\">yt-remote-device-id<\/td><td class=\"cookielawinfo-column-4\">YouTube sets this cookie to store the video preferences of the user using embedded YouTube video.<\/td><\/tr><\/tbody><\/table>\n<\/div>\n<p><strong>Kako upravljati pi\u0161kotke na osebnem ra\u010dunalniku<br><\/strong><br>Klikni za onemogo\u010danje Google Analitike<br>S klikom na \u201conemogo\u010danje Google Analitike\u201d bo analitika onemogo\u010dena za mesec dni.<br>\u010ce \u017eelite omogo\u010diti pi\u0161kotke na\u0161e spletne strani, sledite spodnjim korakom.<\/p>\n<p>Google Chrome<br>Kliknite \u00bbOrodja\u00ab na vrhu va\u0161ega brskalnika in izberite \u00bbNastavitve\u00ab.<br>Kliknite \u00bbPrika\u017ei dodatne nastavitve\u00ab in se pomaknite do razdelka \u00bbZasebnost\u00ab ter kliknite gumb \u00bbNastavitve vsebine\u00ab.<br>Izberite \u00bbDovoli nastavljanje lokalnih podatkov\u00ab.<\/p>\n<p>Microsoft Internet Explorer 6.0, 7.0, 8.0, 9.0<br>Kliknite \u00bbOrodja\u00ab na vrhu va\u0161ega brskalnika in izberite \u00bbInternetne mo\u017enosti\u00ab, nato kliknite zavihek \u00bbZasebnost\u00ab.<br>Preverite, \u010de je raven va\u0161e zasebnosti nastavljena na srednjo ali manj, kar bo omogo\u010dilo uporabo pi\u0161kotkov v va\u0161em brskalniku.<br>Nastavitev nad srednjo ravnjo bo onemogo\u010dila uporabo pi\u0161kotkov.<\/p>\n<p>Mozilla Firefox<br>Kliknite \u00bbOrodja\u00ab na vrhu va\u0161ega brskalnika in izberite \u00bbMo\u017enosti\u00ab.<br>Nato izberite ikono \u00bbZasebnost\u00ab.<br>Kliknite \u00bbPi\u0161kotki\u00ab in izberite mo\u017enost \u00bbDovoli stranem, da ustvarijo pi\u0161kote\u00ab.<\/p>\n<p>Safari<br>Kliknite ikono zobnika na vrhu va\u0161ega brskalnika in izberite mo\u017enost \u00bbNastavitve\u00ab.<br>Kliknite \u00bbZasebnost\u00ab, nato ozna\u010dite mo\u017enost \u00bbOnemogo\u010di uporabo pi\u0161kotkov tretjih oseb in ogla\u0161evalnih pi\u0161kotkov\u00ab.<br>Kliknite \u00bbShrani\u00ab.<\/p>\n<p>Kako upravljati pi\u0161kotke na ra\u010dunalniku Mac<br>\u010ce \u017eelite omogo\u010diti pi\u0161kotke na\u0161e spletne strani, sledite spodnjim korakom.<\/p>\n<p>Microsoft Internet Explorer 5.0 on OSX<br>Kliknite \u00bbExplorer\u00ab na vrhu va\u0161ega brskalnika in izberite mo\u017enost \u00bbNastavitve\u00ab.<br>Pomaknite se navzdol do \u00bbPi\u0161kotki\u00ab v razdelku \u00bbPrejete datoteke\u00ab.<br>Izberite mo\u017enost \u00bbNikoli ne vpra\u0161aj\u00ab.<\/p>\n<p>Safari on OSX<br>Kliknite \u00bbSafari\u00ab na vrhu va\u0161ega brskalnika in izberite mo\u017enost \u00bbNastavitve\u00ab.<br>Kliknite \u00bbZasebnost\u00ab in nato \u00bbOmogo\u010di uporabo pi\u0161kotkov\u00ab.<br>Izberite \u00bbSamo na obiskanih straneh\u00ab.<\/p>\n<p>Mozilla and Netscape on OSX<br>Kliknite \u00bbMozilla\u00ab ali \u00bbNetscape\u00ab na vrhu va\u0161ega brskalnika in izberite mo\u017enost \u00bbNastavitve\u00ab.<br>Pomaknite se navzdol do \u00bbPi\u0161kotki\u00ab v razdelku \u00bbZasebnost in varnost\u00ab.<br>Izberite \u00bbDovoli pi\u0161kotke samo za izvorno spletno stran\u00ab.<\/p>\n<p>Opera<br>Kliknite \u00bbMeni\u00ab na vrhu va\u0161ega brskalnika in izberite \u00bbNastavitve\u00ab.<br>Nato izberite \u00bbMo\u017enosti\u00ab in zavihek \u00bbNapredno\u00ab.<br>Izberite mo\u017enost \u00bbOmogo\u010di uporabo pi\u0161kotkov\u00ab.<\/p>\t\t\t\t\t\t<\/div>\n\t\t\t\t<\/div>\n\t\t\t\t\t<\/div>\n\t\t<\/div>\n\t\t\t\t\t<\/div>\n\t\t<\/section>\n\t\t\t\t<\/div>\n\t\t","protected":false},"excerpt":{"rendered":"<p>Politika spletnih pi\u0161kotkov Da bi vam olaj\u0161ali uporabo na\u0161e spletne strani in jo naredili bolj prijetno, uporabljamo \u00bbpi\u0161kotke\u00ab. Pi\u0161kotki so majhne podatkovne enote, ki nam omogo\u010dajo primerjavo novih in predhodnih obiskovalcev, razumevanje, kako uporabljajo na\u0161o stran. Posredujejo nam podatke, s katerimi lahko naredimo prihodnji obisk spletne strani bolj prijeten in u\u010dinkovit. \u010ce ne \u017eelite uporabljati [&hellip;]<\/p>\n","protected":false},"author":1,"featured_media":0,"parent":0,"menu_order":0,"comment_status":"closed","ping_status":"closed","template":"","meta":{"_seopress_robots_primary_cat":"","_seopress_titles_title":"","_seopress_titles_desc":"","_seopress_robots_index":"","footnotes":""},"_links":{"self":[{"href":"https:\/\/www.utez-celje.si\/newpage\/wp-json\/wp\/v2\/pages\/1218"}],"collection":[{"href":"https:\/\/www.utez-celje.si\/newpage\/wp-json\/wp\/v2\/pages"}],"about":[{"href":"https:\/\/www.utez-celje.si\/newpage\/wp-json\/wp\/v2\/types\/page"}],"author":[{"embeddable":true,"href":"https:\/\/www.utez-celje.si\/newpage\/wp-json\/wp\/v2\/users\/1"}],"replies":[{"embeddable":true,"href":"https:\/\/www.utez-celje.si\/newpage\/wp-json\/wp\/v2\/comments?post=1218"}],"version-history":[{"count":7,"href":"https:\/\/www.utez-celje.si\/newpage\/wp-json\/wp\/v2\/pages\/1218\/revisions"}],"predecessor-version":[{"id":1553,"href":"https:\/\/www.utez-celje.si\/newpage\/wp-json\/wp\/v2\/pages\/1218\/revisions\/1553"}],"wp:attachment":[{"href":"https:\/\/www.utez-celje.si\/newpage\/wp-json\/wp\/v2\/media?parent=1218"}],"curies":[{"name":"wp","href":"https:\/\/api.w.org\/{rel}","templated":true}]}}