{"id":1031,"date":"2020-12-01T12:10:18","date_gmt":"2020-12-01T11:10:18","guid":{"rendered":"https:\/\/www.utez-celje.si\/newpage\/?page_id=1031"},"modified":"2023-06-14T09:58:37","modified_gmt":"2023-06-14T07:58:37","slug":"varstvo-podatkov","status":"publish","type":"page","link":"https:\/\/www.utez-celje.si\/newpage\/varstvo-podatkov\/","title":{"rendered":"POLITIKA ZASEBNOSTI"},"content":{"rendered":"\t\t<div data-elementor-type=\"wp-page\" data-elementor-id=\"1031\" class=\"elementor elementor-1031\" data-elementor-post-type=\"page\">\n\t\t\t\t\t\t<section class=\"elementor-section elementor-top-section elementor-element elementor-element-5a6140b7 elementor-section-boxed elementor-section-height-default elementor-section-height-default\" data-id=\"5a6140b7\" data-element_type=\"section\" data-settings=\"{&quot;_ha_eqh_enable&quot;:false}\">\n\t\t\t\t\t\t<div class=\"elementor-container elementor-column-gap-default\">\n\t\t\t\t\t<div class=\"elementor-column elementor-col-100 elementor-top-column elementor-element elementor-element-40f73d89\" data-id=\"40f73d89\" data-element_type=\"column\">\n\t\t\t<div class=\"elementor-widget-wrap elementor-element-populated\">\n\t\t\t\t\t\t<div class=\"elementor-element elementor-element-1e3a7430 elementor-widget elementor-widget-heading\" data-id=\"1e3a7430\" data-element_type=\"widget\" data-widget_type=\"heading.default\">\n\t\t\t\t<div class=\"elementor-widget-container\">\n\t\t\t<h2 class=\"elementor-heading-title elementor-size-default\">POLITIKA ZASEBNOSTI\n<\/h2>\t\t<\/div>\n\t\t\t\t<\/div>\n\t\t\t\t<div class=\"elementor-element elementor-element-6f974be4 elementor-widget-divider--view-line elementor-widget elementor-widget-divider\" data-id=\"6f974be4\" data-element_type=\"widget\" data-widget_type=\"divider.default\">\n\t\t\t\t<div class=\"elementor-widget-container\">\n\t\t\t\t\t<div class=\"elementor-divider\">\n\t\t\t<span class=\"elementor-divider-separator\">\n\t\t\t\t\t\t<\/span>\n\t\t<\/div>\n\t\t\t\t<\/div>\n\t\t\t\t<\/div>\n\t\t\t\t<div class=\"elementor-element elementor-element-6af3d9c0 elementor-widget elementor-widget-text-editor\" data-id=\"6af3d9c0\" data-element_type=\"widget\" data-widget_type=\"text-editor.default\">\n\t\t\t\t<div class=\"elementor-widget-container\">\n\t\t\t\t\t\t\t<p>POLITIKA ZASEBNOSTI<br \/>Namen te politike je seznaniti obiskovalce spletne strani o varovanju njihove zasebnosti v podjetju Ute\u017e, d.o.o..<br \/>Prepri\u010dani smo, da \u017eelite kot uporabnik na\u0161ih spletnih strani vedeti, kako\u00a0 va\u0161o zasebnost varujemo:<br \/>\u2022\u00a0\u00a0 \u00a0z zagotavljanjem anonimnega obiskovanja na\u0161e spletne strani. Po spletni strani se lahko premikate anonimno. <br \/>\u2022\u00a0\u00a0 \u00a0v primeru zbiranja, obdelovanja ali uporabe va\u0161ih osebnih podatkov na spletni strani, to objavimo na spletni strani. Brez va\u0161ega izrecnega soglasja ne bomo samodejno zbirali, obdelovali ali uporabljali osebnih podatkov, povezanih z va\u0161im obiskom spletne strani, razen podatkov, ki jih navajamo v tej politiki;<br \/>\u2022\u00a0\u00a0 \u00a0z varnostnimi ukrepi, ki ustrezajo najnovej\u0161emu stanju tehnike.<br \/>Odlo\u010ditev o tem, katere informacije o obisku nam \u017eelite zaupati, v celoti prepu\u0161\u010damo vam.<br \/><br \/>UPRAVLJAVEC PODATKOV<br \/>Upravljavec va\u0161ih osebnih podatkov, ki ste nam jih posredovali je podjetje Ute\u017e, d.o.o., Teharska cesta 34, 3000 Celje, ki z osebnimi podatki ravna skladno s svojimi zakonskimi obveznostmi.<br \/>Podjetje Ute\u017e, d.o.o., lahko obdeluje osebne podatke, ki jih pridobi od vas, predvsem kadar:<br \/>\u2022\u00a0\u00a0 \u00a0uporabljate na\u0161o spletno stran,<br \/>\u2022\u00a0\u00a0 \u00a0uporabljate na\u0161e storitve, \u0161e zlasti, ko stopite v stik z nami.<br \/><br \/>OBDELAVA OSEBNIH PODATKOV, KI JIH OBDELUJEMO, KO STOPITE V STIK Z NAMI <br \/>Namen ali ve\u010d namenov za katere se osebni podatki obdelujejo: Va\u0161e osebne podatke obdelujemo zgolj zato, da lahko komuniciramo z vami in vam posredujemo odgovore na va\u0161a vpra\u0161anja, naro\u010dila in \u017eelje.<br \/>Osebne podatke obdelujemo, ker ste izpolnili kontaktni obrazec ali nam poslali elektronsko sporo\u010dilo.<br \/>Osebni podatki, ki jih obdelujemo so: va\u0161i kontaktni podatki ter va\u0161e sporo\u010dilo.<br \/>Va\u0161ih osebnih podatkov ne bomo posredovali nikomur. V stik z njimi bodo pri\u0161li zgolj na\u0161i pogodbeni obdelovalci osebnih podatkov, v konkretnem primeru zgolj ponudnik programa elektronske po\u0161te.<br \/>Va\u0161e osebne podatke bomo obdelovali zgolj toliko \u010dasa, kolikor je potrebno za dosego namena, zaradi katerega so bili zbrani ali nadalje porabljeni. Po tem \u010dasu jih bomo trajno izbrisali.<br \/>Posameznik ima v zvezi z obdelavo njegovih osebnih podatkov naslednje pravice:<br \/>\u2022\u00a0\u00a0 \u00a0pravica do vpogleda in popravka,<br \/>\u2022\u00a0\u00a0 \u00a0pravica do blokiranja,<br \/>\u2022\u00a0\u00a0 \u00a0pravica do izbrisa ali omejitev obdelave va\u0161ih osebnih podatkov,<br \/>\u2022\u00a0\u00a0 \u00a0pravica do podaje ugovora zoper obdelavo va\u0161ih osebnih podatkov.<br \/>Vse va\u0161e pravice boste najla\u017eje uveljavili tako, da nam posredujete svojo zahtevo na: Ute\u017e, d.o.o. ali na info@utez.si. Na va\u0161o zahtevo bomo odgovorili kar najhitreje, vsekakor pa ne kasneje, kot je dovoljeno.<br \/>V primeru \u010de menite, da na\u0161a obdelava osebnih podatkov kr\u0161i Splo\u0161no uredbo o varstvu osebnih podatkov ali nacionalno zakonodajo s podro\u010dja varstva osebnih podatkov lahko svojo prito\u017ebo posredujete nadzornemu organu s podro\u010dja varstva osebnih podatkov, ki je v Sloveniji Informacijski poobla\u0161\u010denec. Kontakt Informacijskega poobla\u0161\u010denca: Informacijski poobla\u0161\u010denec, Dunajska 22, 1000 Ljubljana, Telefon: 01 230 97 30, E-po\u0161ta: gp.ip@ip-rs.si.<br \/><br \/>ZAKONITOST OBDELAVE VA\u0160IH OSEBNIH PODATKOV<br \/>Osebne podatke, ki jih obdelujemo vedno pridobimo zgolj na podlagi va\u0161ega soglasja, povpra\u0161evanja ali naro\u010dila.<br \/><br \/>KATERE SO KATEGORIJE POSAMEZNIKOV KATERIH OSEBNI PODATKI SE OBDELUJEJO<br \/>Ute\u017e, d.o.o. obdeluje osebne podatke posameznikov, ki sami stopijo v kontakt s podjetjem.<br \/><br \/>KDO OBDELUJE VA\u0160E OSEBNE PODATKE<br \/>Va\u0161e osebne podatke obdelujemo:<br \/>\u2022\u00a0\u00a0 \u00a0zaposleni v podjetju,<br \/>\u2022\u00a0\u00a0 \u00a0pristojni dr\u017eavni organi in nosilci javnih pooblastil v okviru izvajanja zakonskih pristojnosti,<br \/>\u2022\u00a0\u00a0 \u00a0pogodbeni obdelovalci podjetja Ute\u017e, d.o.o., ki izpolnjujejo zahteve na\u0161ega podjetja ter zagotavljajo enak standard varstva osebnih podatkov.<br \/><br \/>ALI PODJETJE RAZKRIVA VA\u0160E OSEBNE PODATKE?<br \/>Zagotavljamo, da bomo prejete osebne podatke varovali pred nepoobla\u0161\u010denim razkritjem in posredovanjem nepoobla\u0161\u010denim tretjim osebam, in sicer v skladu z veljavnimi predpisi, ki urejajo varstvo osebnih podatkov.<br \/>Na zahtevo organov pregona, v primeru kakr\u0161nihkoli zlorab ali kr\u0161itev, se lahko osebni podatki uporabnikov posredujejo policiji in drugim pristojnim organom za nadaljnje ukrepanje.<br \/><br \/>KAKO PODJETJE VARUJE VA\u0160E OSEBNE PODATKE?<br \/>Osebni podatki so v podjetju skrbno varovani. Tako prostore, kjer se nahajajo osebni podatki, kot tudi strojno in programsko opremo, na kateri se nahajajo osebni podatki varujemo z tehni\u010dnimi ukrepi, ki nepoobla\u0161\u010denim osebam onemogo\u010dajo dostop do osebnih podatkov.<br \/>Dostop do omre\u017eja za obdelavo podatkov podjetja\u00a0 Ute\u017e, d.o.o. je za\u0161\u010diten. Aplikacije, ki jih uporabljamo v podjetju Ute\u017e, d.o.o. so za\u0161\u010ditene z uporabni\u0161kim imenom in geslom. <br \/><br \/>VESELI BOMO, \u010cE BOSTE TUDI VI POMAGALI PRI VARSTVU VA\u0160IH OSEBNIH PODATKOV<br \/>Va\u0161e odgovorno ravnanje z osebnimi podatki nam vsem zagotavlja manj tveganja na podro\u010dju zasebnosti.<br \/>Zato v primerih, ko ste izvedli nakup v na\u0161i spletni trgovini pazite:<br \/>\u2022\u00a0\u00a0 \u00a0da uporabni\u0161ko ime in geslo skrbno hranite in ga ne posredujete tretjim osebam,<br \/>\u2022\u00a0\u00a0 \u00a0skrbite za varnost va\u0161ega predala elektronske po\u0161te,<br \/>\u2022\u00a0\u00a0 \u00a0skrbite za ustrezno za\u0161\u010dito va\u0161ega ra\u010dunalnika in drugih naprav pred virusi in zlonamerno programsko opremo z ustreznimi programskimi za\u0161\u010ditami ra\u010dunalnika in drugih naprav.<br \/><br \/>DRU\u017dBENA OMRE\u017dJA<br \/>Sodelovanje in objave na dru\u017ebenih omre\u017ejih so prostovoljne.<br \/>Vljudno vas prosimo, da pri sodelovanju uporabljate prijazen in spo\u0161tljiv na\u010din komuniciranja z drugimi uporabniki dru\u017ebenih omre\u017eij.<br \/><br \/>VARSTVO OSEBNIH PODATKOV OTROK<br \/>Spletna mesta podjetja Ute\u017e, d.o.o. so namenjene \u0161ir\u0161i javnosti. Storitve in dejavnost podjetja pa so namenjene le starej\u0161im od 15 let.<br \/>V primeru, ko bi podjetje Ute\u017e, d.o.o. izvedla aktivnosti pri katerih bi lahko sodelovali otroci mlaj\u0161i od 15 let bo vedno pred posredovanjem osebnih podatkov zahtevana pridobitev star\u0161ev ali skrbnikov.<br \/><br \/>KAKO DOLGO HRANIMO VA\u0160E OSEBNE PODATKE?<br \/>Va\u0161e osebne podatke hranimo tako dolgo, kolikor je potrebno za uresni\u010ditev namena njihove obdelave oz. do preklica privolitve za obdelavo osebnih podatkov za posamezni ali za vse namene obdelav.<br \/>Zgoraj, pri posameznih namenih obdelave je rok hrambe va\u0161ih osebnih podatkov naveden za vsako obdelavo osebnih podatkov posebej.<br \/>Po preteku roka hrambe se va\u0161i osebni podatki izbri\u0161ejo ali anonimizirajo, dokumentacija pa se uni\u010di tako, da ni ve\u010d mo\u017eno ugotoviti njene vsebine oziroma je ni ve\u010d mo\u017eno ponovno uporabljati.<br \/><br \/>ZAGOTAVLJANJE TO\u010cNIH, POPOLNIH IN A\u017dURNIH PODATKOV<br \/>Prizadevamo si zagotavljati popolnost, ustreznost, to\u010dnost in a\u017eurnost osebnih podatkov posameznikov. Popolni, to\u010dni, ustrezni in a\u017eurni podatki se lahko uporabljajo samo za namene, ki so predvideni zgoraj pri vsaki posamezni obdelavi.<br \/>Prosimo tudi vas, da nam v kolikor se va\u0161i osebni podatki spremenijo o tem obvestite. Spremembe nam lahko posredujete z obvestilom na na\u0161 elektronski ali fizi\u010dni naslov: info@utez.si ali Ute\u017e, d.o.o., Teharska cesta 34, 3000 Celje.<br \/>\u00a0<br \/>PRAVICE POSAMEZNIKOV, NA KATERE SE NANA\u0160AJO OSEBNI PODATKI<br \/>Va\u0161e pravice v zvezi z osebnimi podatki:<br \/>\u2022\u00a0\u00a0 \u00a0pravica do dostopa.<br \/>\u2022\u00a0\u00a0 \u00a0pravica do dopolnitve, popravka, blokiranja, izbrisa in omejitve obdelave.<br \/>\u2022\u00a0\u00a0 \u00a0pravica do preklica dane osebne privolitve za obdelavo osebnih podatkov brez vpliva na zakonitost obdelave podatkov, ki se je na podlagi privolitve izvajala do njenega preklica.<br \/><br \/>Zgornje pravice uveljavite tako, da s pisno zahtevo, poslano na naslov: info@utez.si ali Ute\u017e, d.o.o., Teharska cesta 34, 3000 Celje, zahtevate dostop, dopolnitev, popravek, blokiranje ali izbris osebnih podatkov, ki se obdelujejo v zvezi z vami. Na isti na\u010din lahko kadarkoli trajno ali za\u010dasno, v celoti ali delno prekli\u010dete tudi podane privolitve za obdelavo osebnih podatkov, v kolikor ste jih podali.<br \/>Preklic privolitve ne vpliva na zakonitost obdelave, ki se je na podlagi privolitve izvajala do preklica.<br \/><br \/>Pravica do prito\u017ebe<br \/>V podjetju Ute\u017e, d.o.o., si bomo po najbolj\u0161ih mo\u010deh prizadevali, da bodo va\u0161i osebni podatki pri nas skrbno obdelovani in varovani z ustreznimi tehnolo\u0161kimi in organizacijskimi sredstvi za za\u0161\u010dito prenosa in shranjevanja osebnih in drugih zaupnih podatkov.<br \/>Ne glede na navedeno vas \u017eelimo opozoriti, da imate pravico vlo\u017eiti prito\u017ebo pri Informacijskem poobla\u0161\u010dencu Republike Slovenije, \u010de menite, da se osebni podatki shranjujejo ali kako druga\u010de obdelujejo v nasprotju z veljavnimi predpisi, ki urejajo varstvo osebnih podatkov.<br \/>Kontakt informacijskega poobla\u0161\u010denca: Republika Slovenija, Informacijski poobla\u0161\u010denec, Dunajska 22, 1000 Ljubljana, Telefon: 01 230 97 30, E-po\u0161ta: gp.ip@ip-rs.si<br \/><br \/>SPREMEMBE POLITIKE ZASEBNOSTI<br \/>Podjetje Ute\u017e, d.o.o., si pridr\u017euje pravico ob\u010dasno posodobiti Politiko zasebnosti skladno s spremembami storitev, na podlagi povratnih informacij uporabnikov in zaradi sprememb predpisov. Ob spremembi se na koncu Politike zasebnosti navede tudi datum zadnje posodobitve.<br \/>V primeru bistvenih sprememb ali spremembe na\u010dina, kako podjetje Ute\u017e, d.o.o., uporablja osebne podatke, bo le-ta pred uvedbo sprememb uporabnike obvestila na spletni strani oz., kjer je dana privolitev za obve\u0161\u010danje preko elektronskega naslova, tudi na navedeni na\u010din.<br \/><br \/>Podjetje Ute\u017e, d.o.o., priporo\u010da, da uporabniki redno pregledujejo to politiko, in si tako zagotovijo informacije o tem, kako Ute\u017e, d.o.o., varuje njihovo zasebnost.<br \/><br \/><br \/>DODATNE INFORMACIJE<br \/>Za dodatne informacije v zvezi z obdelavami osebnih podatkov in predlogi za izbolj\u0161ave nas lahko kontaktirate na elektronski naslov info@utez.si, ali Ute\u017e, d.o.o., Teharska cesta 34, 3000 Celje.<br \/>Ta Politika zasebnosti se uporablja do preklica oz. do morebitne spremembe.<br \/>Ute\u017e, d.o.o.<br \/><br \/><\/p>\t\t\t\t\t\t<\/div>\n\t\t\t\t<\/div>\n\t\t\t\t\t<\/div>\n\t\t<\/div>\n\t\t\t\t\t<\/div>\n\t\t<\/section>\n\t\t\t\t<\/div>\n\t\t","protected":false},"excerpt":{"rendered":"<p>POLITIKA ZASEBNOSTI POLITIKA ZASEBNOSTINamen te politike je seznaniti obiskovalce spletne strani o varovanju njihove zasebnosti v podjetju Ute\u017e, d.o.o..Prepri\u010dani smo, da \u017eelite kot uporabnik na\u0161ih spletnih strani vedeti, kako\u00a0 va\u0161o zasebnost varujemo:\u2022\u00a0\u00a0 \u00a0z zagotavljanjem anonimnega obiskovanja na\u0161e spletne strani. Po spletni strani se lahko premikate anonimno. \u2022\u00a0\u00a0 \u00a0v primeru zbiranja, obdelovanja ali uporabe va\u0161ih osebnih [&hellip;]<\/p>\n","protected":false},"author":1,"featured_media":0,"parent":0,"menu_order":0,"comment_status":"closed","ping_status":"closed","template":"elementor_header_footer","meta":{"_seopress_robots_primary_cat":"","_seopress_titles_title":"ZASTOPNI\u0160KI PROGRAM %%sep%% %%sitetitle%%","_seopress_titles_desc":"Z namenom, da \u010dim bolje zadovoljimo va\u0161im potrebam sodelujemo z nekaterimi priznanimi proizvajalci iz tujine: RAVAS Tehtanje na vili\u010darjih. THERMO FISHER SCIENTIFIC\u200b Kontrolne tehtnice , detektorji kovin , X RAY naprave. OHAUS Precizne in laboratorijske tehtnice, tehtalne platforme. ELICOM Tehtalne platforme. CYPAG Senzorji vzvratne vo\u017enje za vili\u010darje. MESOMATIC Merilni instrumenti za tehtnice.\r\n","_seopress_robots_index":"","footnotes":""},"_links":{"self":[{"href":"https:\/\/www.utez-celje.si\/newpage\/wp-json\/wp\/v2\/pages\/1031"}],"collection":[{"href":"https:\/\/www.utez-celje.si\/newpage\/wp-json\/wp\/v2\/pages"}],"about":[{"href":"https:\/\/www.utez-celje.si\/newpage\/wp-json\/wp\/v2\/types\/page"}],"author":[{"embeddable":true,"href":"https:\/\/www.utez-celje.si\/newpage\/wp-json\/wp\/v2\/users\/1"}],"replies":[{"embeddable":true,"href":"https:\/\/www.utez-celje.si\/newpage\/wp-json\/wp\/v2\/comments?post=1031"}],"version-history":[{"count":14,"href":"https:\/\/www.utez-celje.si\/newpage\/wp-json\/wp\/v2\/pages\/1031\/revisions"}],"predecessor-version":[{"id":1531,"href":"https:\/\/www.utez-celje.si\/newpage\/wp-json\/wp\/v2\/pages\/1031\/revisions\/1531"}],"wp:attachment":[{"href":"https:\/\/www.utez-celje.si\/newpage\/wp-json\/wp\/v2\/media?parent=1031"}],"curies":[{"name":"wp","href":"https:\/\/api.w.org\/{rel}","templated":true}]}}